{"id":10,"date":"2016-11-17T10:20:22","date_gmt":"2016-11-17T08:20:22","guid":{"rendered":"http:\/\/www.pihlakas.ee\/puhastus\/world\/?page_id=10"},"modified":"2023-05-06T00:17:07","modified_gmt":"2023-05-05T21:17:07","slug":"kliendid-ja-referentsid","status":"publish","type":"page","link":"https:\/\/pihlakas.eu\/puhastus\/kliendid-ja-referentsid\/","title":{"rendered":"Referentsid"},"content":{"rendered":"<p><strong>Pihlakas Puhastusel on pikaajaline koost\u00f6\u00f6suhe allj\u00e4rgnevate klientidega:<\/strong><\/p>\n<p>&nbsp;<\/p>\n<p>Eesti rahva esinduskogu ehk Riigikogu &#8211; <a href=\"http:\/\/www.riigikogu.ee\/\" target=\"_blank\" rel=\"noopener\">www.riigikogu.ee<\/a><\/p>\n<p>Estonia Teater &#8211; <a href=\"www.opera.ee\/teater\/\" target=\"_blank\" rel=\"noopener\">www.opera.ee\/teater\/<\/a><\/p>\n<p>Kino Kosmos &#8211; <a href=\"http:\/\/www.kosmos.ee\/\" target=\"_blank\" rel=\"noopener\">www.kosmos.ee<\/a><\/p>\n","protected":false},"excerpt":{"rendered":"<p>Pihlakas Puhastusel on pikaajaline koost\u00f6\u00f6suhe allj\u00e4rgnevate klientidega: &nbsp; Eesti rahva esinduskogu ehk Riigikogu &#8211; www.riigikogu.ee Estonia Teater &#8211; www.opera.ee\/teater\/ Kino Kosmos &#8211; www.kosmos.ee<\/p>\n","protected":false},"author":1,"featured_media":0,"parent":0,"menu_order":0,"comment_status":"closed","ping_status":"open","template":"","meta":{"om_disable_all_campaigns":false,"_monsterinsights_skip_tracking":false,"_monsterinsights_sitenote_active":false,"_monsterinsights_sitenote_note":"","_monsterinsights_sitenote_category":0,"_uf_show_specific_survey":0,"_uf_disable_surveys":false,"footnotes":""},"class_list":["post-10","page","type-page","status-publish","hentry"],"aioseo_notices":[],"_links":{"self":[{"href":"https:\/\/pihlakas.eu\/puhastus\/wp-json\/wp\/v2\/pages\/10","targetHints":{"allow":["GET"]}}],"collection":[{"href":"https:\/\/pihlakas.eu\/puhastus\/wp-json\/wp\/v2\/pages"}],"about":[{"href":"https:\/\/pihlakas.eu\/puhastus\/wp-json\/wp\/v2\/types\/page"}],"author":[{"embeddable":true,"href":"https:\/\/pihlakas.eu\/puhastus\/wp-json\/wp\/v2\/users\/1"}],"replies":[{"embeddable":true,"href":"https:\/\/pihlakas.eu\/puhastus\/wp-json\/wp\/v2\/comments?post=10"}],"version-history":[{"count":6,"href":"https:\/\/pihlakas.eu\/puhastus\/wp-json\/wp\/v2\/pages\/10\/revisions"}],"predecessor-version":[{"id":352,"href":"https:\/\/pihlakas.eu\/puhastus\/wp-json\/wp\/v2\/pages\/10\/revisions\/352"}],"wp:attachment":[{"href":"https:\/\/pihlakas.eu\/puhastus\/wp-json\/wp\/v2\/media?parent=10"}],"curies":[{"name":"wp","href":"https:\/\/api.w.org\/{rel}","templated":true}]}}