{"id":14,"date":"2016-11-17T10:24:19","date_gmt":"2016-11-17T08:24:19","guid":{"rendered":"http:\/\/www.pihlakas.ee\/puhastus\/world\/?page_id=14"},"modified":"2023-05-19T12:04:41","modified_gmt":"2023-05-19T09:04:41","slug":"hinnad-ja-teenuste-maksumus","status":"publish","type":"page","link":"https:\/\/pihlakas.eu\/puhastus\/hinnad-ja-teenuste-maksumus\/","title":{"rendered":"Hinnad"},"content":{"rendered":"\n<h2 class=\"wp-block-heading\">K\u00fcsi hinnapakkumist<\/h2>\n\n\n\n<figure class=\"wp-block-image size-full\"><a href=\"https:\/\/pihlakas.eu\/puhastus\/world\/wp-content\/uploads\/2011\/08\/low-price.jpg\"><img loading=\"lazy\" decoding=\"async\" width=\"402\" height=\"480\" src=\"https:\/\/pihlakas.eu\/puhastus\/world\/wp-content\/uploads\/2011\/08\/low-price.jpg\" alt=\"hinnad\" class=\"wp-image-176\" srcset=\"https:\/\/pihlakas.eu\/puhastus\/world\/wp-content\/uploads\/2011\/08\/low-price.jpg 402w, https:\/\/pihlakas.eu\/puhastus\/world\/wp-content\/uploads\/2011\/08\/low-price-251x300.jpg 251w\" sizes=\"auto, (max-width: 402px) 100vw, 402px\" \/><\/a><\/figure>\n\n\n\n<div class=\"wpcf7 no-js\" id=\"wpcf7-f321-o1\" lang=\"en-US\" dir=\"ltr\" data-wpcf7-id=\"321\">\n<div class=\"screen-reader-response\"><p role=\"status\" aria-live=\"polite\" aria-atomic=\"true\"><\/p> <ul><\/ul><\/div>\n<form action=\"\/puhastus\/wp-json\/wp\/v2\/pages\/14#wpcf7-f321-o1\" method=\"post\" class=\"wpcf7-form init\" aria-label=\"Contact form\" novalidate=\"novalidate\" data-status=\"init\">\n<fieldset class=\"hidden-fields-container\"><input type=\"hidden\" name=\"_wpcf7\" value=\"321\" \/><input type=\"hidden\" name=\"_wpcf7_version\" value=\"6.1.5\" \/><input type=\"hidden\" name=\"_wpcf7_locale\" value=\"en_US\" \/><input type=\"hidden\" name=\"_wpcf7_unit_tag\" value=\"wpcf7-f321-o1\" \/><input type=\"hidden\" name=\"_wpcf7_container_post\" value=\"0\" \/><input type=\"hidden\" name=\"_wpcf7_posted_data_hash\" value=\"\" \/><input type=\"hidden\" name=\"_wpcf7_recaptcha_response\" value=\"\" \/>\n<\/fieldset>\n<p>Nimi (n\u00f5utav)\n<\/p>\n<p><span class=\"wpcf7-form-control-wrap\" data-name=\"your-name\"><input size=\"40\" maxlength=\"400\" class=\"wpcf7-form-control wpcf7-text wpcf7-validates-as-required\" aria-required=\"true\" aria-invalid=\"false\" value=\"\" type=\"text\" name=\"your-name\" \/><\/span>\n<\/p>\n<p>Email (n\u00f5utav)\n<\/p>\n<p><span class=\"wpcf7-form-control-wrap\" data-name=\"your-email\"><input size=\"40\" maxlength=\"400\" class=\"wpcf7-form-control wpcf7-email wpcf7-validates-as-required wpcf7-text wpcf7-validates-as-email\" aria-required=\"true\" aria-invalid=\"false\" value=\"\" type=\"email\" name=\"your-email\" \/><\/span>\n<\/p>\n<p>Telefon (n\u00f5utav)\n<\/p>\n<p><span class=\"wpcf7-form-control-wrap\" data-name=\"text-613\"><input size=\"40\" maxlength=\"400\" class=\"wpcf7-form-control wpcf7-text wpcf7-validates-as-required\" aria-required=\"true\" aria-invalid=\"false\" value=\"\" type=\"text\" name=\"text-613\" \/><\/span>\n<\/p>\n<p>Teade<br \/>\n<span class=\"wpcf7-form-control-wrap\" data-name=\"your-message\"><textarea cols=\"40\" rows=\"10\" maxlength=\"2000\" class=\"wpcf7-form-control wpcf7-textarea\" aria-invalid=\"false\" name=\"your-message\"><\/textarea><\/span>\n<\/p>\n\n<p><input class=\"wpcf7-form-control wpcf7-submit has-spinner\" type=\"submit\" value=\"Saada\" \/>\n<\/p><p style=\"display: none !important;\" class=\"akismet-fields-container\" data-prefix=\"_wpcf7_ak_\"><label>&#916;<textarea name=\"_wpcf7_ak_hp_textarea\" cols=\"45\" rows=\"8\" maxlength=\"100\"><\/textarea><\/label><input type=\"hidden\" id=\"ak_js_1\" name=\"_wpcf7_ak_js\" value=\"114\"\/><script>document.getElementById( \"ak_js_1\" ).setAttribute( \"value\", ( new Date() ).getTime() );<\/script><\/p><div class=\"wpcf7-response-output\" aria-hidden=\"true\"><\/div>\n<\/form>\n<\/div>\n\n\n\n\n<p><em>Tulundus\u00fchistu Pihlakas j\u00e4tab endale \u00f5iguse teha muudatusi hinnakirjas ja teenuste kasutamise tingimustes<\/em>.<\/p>\n","protected":false},"excerpt":{"rendered":"<p>K\u00fcsi hinnapakkumist Tulundus\u00fchistu Pihlakas j\u00e4tab endale \u00f5iguse teha muudatusi hinnakirjas ja teenuste kasutamise tingimustes.<\/p>\n","protected":false},"author":1,"featured_media":0,"parent":0,"menu_order":0,"comment_status":"closed","ping_status":"open","template":"","meta":{"om_disable_all_campaigns":false,"_monsterinsights_skip_tracking":false,"_monsterinsights_sitenote_active":false,"_monsterinsights_sitenote_note":"","_monsterinsights_sitenote_category":0,"_uf_show_specific_survey":0,"_uf_disable_surveys":false,"footnotes":""},"class_list":["post-14","page","type-page","status-publish","hentry"],"aioseo_notices":[],"_links":{"self":[{"href":"https:\/\/pihlakas.eu\/puhastus\/wp-json\/wp\/v2\/pages\/14","targetHints":{"allow":["GET"]}}],"collection":[{"href":"https:\/\/pihlakas.eu\/puhastus\/wp-json\/wp\/v2\/pages"}],"about":[{"href":"https:\/\/pihlakas.eu\/puhastus\/wp-json\/wp\/v2\/types\/page"}],"author":[{"embeddable":true,"href":"https:\/\/pihlakas.eu\/puhastus\/wp-json\/wp\/v2\/users\/1"}],"replies":[{"embeddable":true,"href":"https:\/\/pihlakas.eu\/puhastus\/wp-json\/wp\/v2\/comments?post=14"}],"version-history":[{"count":40,"href":"https:\/\/pihlakas.eu\/puhastus\/wp-json\/wp\/v2\/pages\/14\/revisions"}],"predecessor-version":[{"id":572,"href":"https:\/\/pihlakas.eu\/puhastus\/wp-json\/wp\/v2\/pages\/14\/revisions\/572"}],"wp:attachment":[{"href":"https:\/\/pihlakas.eu\/puhastus\/wp-json\/wp\/v2\/media?parent=14"}],"curies":[{"name":"wp","href":"https:\/\/api.w.org\/{rel}","templated":true}]}}