{"id":16,"date":"2016-11-17T10:24:52","date_gmt":"2016-11-17T08:24:52","guid":{"rendered":"http:\/\/www.pihlakas.ee\/puhastus\/world\/?page_id=16"},"modified":"2023-05-17T17:29:35","modified_gmt":"2023-05-17T14:29:35","slug":"kontakt-ja-asukoht","status":"publish","type":"page","link":"https:\/\/pihlakas.eu\/puhastus\/kontakt-ja-asukoht\/","title":{"rendered":"Kontakt"},"content":{"rendered":"<h4>Aadress ja asukoht<\/h4>\n<div id=\"attachment_551\" style=\"width: 286px\" class=\"wp-caption alignnone\"><a href=\"https:\/\/pihlakas.eu\/puhastus\/world\/wp-content\/uploads\/2023\/05\/ContactUs-1.jpg\"><img loading=\"lazy\" decoding=\"async\" aria-describedby=\"caption-attachment-551\" class=\"wp-image-551 size-medium\" src=\"https:\/\/pihlakas.eu\/puhastus\/world\/wp-content\/uploads\/2023\/05\/ContactUs-1-276x300.jpg\" alt=\"Kontakt\" width=\"276\" height=\"300\" srcset=\"https:\/\/pihlakas.eu\/puhastus\/world\/wp-content\/uploads\/2023\/05\/ContactUs-1-276x300.jpg 276w, https:\/\/pihlakas.eu\/puhastus\/world\/wp-content\/uploads\/2023\/05\/ContactUs-1.jpg 375w\" sizes=\"auto, (max-width: 276px) 100vw, 276px\" \/><\/a><p id=\"caption-attachment-551\" class=\"wp-caption-text\">Kontakt<\/p><\/div>\n<p>Ettev\u00f5tte \u00e4rinimi: Pihlakas Tulundus\u00fchistu<br \/>Reg.nr: 10506812<br \/>Aadress: Kopli 96a, Tallinn, 10416<br \/>Mob: +372 5648 9615<br \/>E-post: pihlakas [\u00e4t] pihlakas.eu<br \/><small><\/small><\/p>\n\n\n<p><strong>Tagasiside<\/strong><\/p>\n\n\n\n\n<div class=\"wpcf7 no-js\" id=\"wpcf7-f321-o1\" lang=\"en-US\" dir=\"ltr\" data-wpcf7-id=\"321\">\n<div class=\"screen-reader-response\"><p role=\"status\" aria-live=\"polite\" aria-atomic=\"true\"><\/p> <ul><\/ul><\/div>\n<form action=\"\/puhastus\/wp-json\/wp\/v2\/pages\/16#wpcf7-f321-o1\" method=\"post\" class=\"wpcf7-form init\" aria-label=\"Contact form\" novalidate=\"novalidate\" data-status=\"init\">\n<fieldset class=\"hidden-fields-container\"><input type=\"hidden\" name=\"_wpcf7\" value=\"321\" \/><input type=\"hidden\" name=\"_wpcf7_version\" value=\"6.1.5\" \/><input type=\"hidden\" name=\"_wpcf7_locale\" value=\"en_US\" \/><input type=\"hidden\" name=\"_wpcf7_unit_tag\" value=\"wpcf7-f321-o1\" \/><input type=\"hidden\" name=\"_wpcf7_container_post\" value=\"0\" \/><input type=\"hidden\" name=\"_wpcf7_posted_data_hash\" value=\"\" \/><input type=\"hidden\" name=\"_wpcf7_recaptcha_response\" value=\"\" \/>\n<\/fieldset>\n<p>Nimi (n\u00f5utav)\n<\/p>\n<p><span class=\"wpcf7-form-control-wrap\" data-name=\"your-name\"><input size=\"40\" maxlength=\"400\" class=\"wpcf7-form-control wpcf7-text wpcf7-validates-as-required\" aria-required=\"true\" aria-invalid=\"false\" value=\"\" type=\"text\" name=\"your-name\" \/><\/span>\n<\/p>\n<p>Email (n\u00f5utav)\n<\/p>\n<p><span class=\"wpcf7-form-control-wrap\" data-name=\"your-email\"><input size=\"40\" maxlength=\"400\" class=\"wpcf7-form-control wpcf7-email wpcf7-validates-as-required wpcf7-text wpcf7-validates-as-email\" aria-required=\"true\" aria-invalid=\"false\" value=\"\" type=\"email\" name=\"your-email\" \/><\/span>\n<\/p>\n<p>Telefon (n\u00f5utav)\n<\/p>\n<p><span class=\"wpcf7-form-control-wrap\" data-name=\"text-613\"><input size=\"40\" maxlength=\"400\" class=\"wpcf7-form-control wpcf7-text wpcf7-validates-as-required\" aria-required=\"true\" aria-invalid=\"false\" value=\"\" type=\"text\" name=\"text-613\" \/><\/span>\n<\/p>\n<p>Teade<br \/>\n<span class=\"wpcf7-form-control-wrap\" data-name=\"your-message\"><textarea cols=\"40\" rows=\"10\" maxlength=\"2000\" class=\"wpcf7-form-control wpcf7-textarea\" aria-invalid=\"false\" name=\"your-message\"><\/textarea><\/span>\n<\/p>\n\n<p><input class=\"wpcf7-form-control wpcf7-submit has-spinner\" type=\"submit\" value=\"Saada\" \/>\n<\/p><p style=\"display: none !important;\" class=\"akismet-fields-container\" data-prefix=\"_wpcf7_ak_\"><label>&#916;<textarea name=\"_wpcf7_ak_hp_textarea\" cols=\"45\" rows=\"8\" maxlength=\"100\"><\/textarea><\/label><input type=\"hidden\" id=\"ak_js_1\" name=\"_wpcf7_ak_js\" value=\"249\"\/><script>document.getElementById( \"ak_js_1\" ).setAttribute( \"value\", ( new Date() ).getTime() );<\/script><\/p><div class=\"wpcf7-response-output\" aria-hidden=\"true\"><\/div>\n<\/form>\n<\/div>\n\n","protected":false},"excerpt":{"rendered":"<p>Aadress ja asukoht Ettev\u00f5tte \u00e4rinimi: Pihlakas Tulundus\u00fchistuReg.nr: 10506812Aadress: Kopli 96a, Tallinn, 10416Mob: +372 5648 9615E-post: pihlakas [\u00e4t] pihlakas.eu Tagasiside<\/p>\n","protected":false},"author":1,"featured_media":0,"parent":0,"menu_order":1,"comment_status":"closed","ping_status":"open","template":"","meta":{"om_disable_all_campaigns":false,"_monsterinsights_skip_tracking":false,"_monsterinsights_sitenote_active":false,"_monsterinsights_sitenote_note":"","_monsterinsights_sitenote_category":0,"_uf_show_specific_survey":0,"_uf_disable_surveys":false,"footnotes":""},"class_list":["post-16","page","type-page","status-publish","hentry"],"aioseo_notices":[],"_links":{"self":[{"href":"https:\/\/pihlakas.eu\/puhastus\/wp-json\/wp\/v2\/pages\/16","targetHints":{"allow":["GET"]}}],"collection":[{"href":"https:\/\/pihlakas.eu\/puhastus\/wp-json\/wp\/v2\/pages"}],"about":[{"href":"https:\/\/pihlakas.eu\/puhastus\/wp-json\/wp\/v2\/types\/page"}],"author":[{"embeddable":true,"href":"https:\/\/pihlakas.eu\/puhastus\/wp-json\/wp\/v2\/users\/1"}],"replies":[{"embeddable":true,"href":"https:\/\/pihlakas.eu\/puhastus\/wp-json\/wp\/v2\/comments?post=16"}],"version-history":[{"count":43,"href":"https:\/\/pihlakas.eu\/puhastus\/wp-json\/wp\/v2\/pages\/16\/revisions"}],"predecessor-version":[{"id":561,"href":"https:\/\/pihlakas.eu\/puhastus\/wp-json\/wp\/v2\/pages\/16\/revisions\/561"}],"wp:attachment":[{"href":"https:\/\/pihlakas.eu\/puhastus\/wp-json\/wp\/v2\/media?parent=16"}],"curies":[{"name":"wp","href":"https:\/\/api.w.org\/{rel}","templated":true}]}}