{"id":189,"date":"2016-11-17T20:01:03","date_gmt":"2016-11-17T18:01:03","guid":{"rendered":"http:\/\/www.pihlakas.eu\/puhastus\/?page_id=189"},"modified":"2023-05-19T11:59:31","modified_gmt":"2023-05-19T08:59:31","slug":"jaapurikate-eemaldamine-ja-lumekoristus-majade-katustelt","status":"publish","type":"page","link":"https:\/\/pihlakas.eu\/puhastus\/puhastusteenused\/jaapurikate-eemaldamine-ja-lumekoristus-majade-katustelt\/","title":{"rendered":"J\u00e4\u00e4purikate eemaldamine ja lumekoristus majade katustelt"},"content":{"rendered":"<div style=\"width: 310px\" class=\"wp-caption alignright\"><img loading=\"lazy\" decoding=\"async\" title=\"Lume ja j\u00e4\u00e4 koristus katuselt\" src=\"http:\/\/www.pihlakas.eu\/puhastus\/images\/lumekoristus.jpg\" alt=\"Katuse puhastamine lumest ja j\u00e4\u00e4st\" width=\"300\" height=\"452\" \/><p class=\"wp-caption-text\">Katuse puhastamine lumest ja j\u00e4\u00e4st Tallinnas<\/p><\/div>\n<p>J\u00e4\u00e4purikate eemaldamine ja lumekoristus majade katustelt. V\u00e4ltimaks eelmiste talvede kurbi kogemusi paneb Pihlakas Puhastus majaomanikele s\u00fcdamele, et j\u00e4lgitaks katusel olevat lume hulka ja tekkida v\u00f5ivaid j\u00e4\u00e4purikaid. Liigne lumi tuleb katustelt eemaldada, et v\u00e4ltida \u00fclekoormusest tingitud kahjustusi ning lumemassiivide langemist t\u00e4navatele ja k\u00f5nniteedele.<\/p>\n<p>Pihlakas Puhastus pakub k\u00f5igile majaomanikele ja korteri\u00fchistutele j\u00e4\u00e4purikate eemaldamise ning lumekoristuse teenust.<\/p>\n<p>Tagame t\u00f6id tehes jalak\u00e4ijate ja kolmandate isikute turvalisuse samuti valime j\u00e4\u00e4purikate eemaldamiseks tehnoloogia, mis ei kahjusta katust, selle osasid ega sadevete s\u00fcsteeme.<\/p>\n<p><a href=\"https:\/\/pihlakas.eu\/puhastus\/hinnad-ja-teenuste-maksumus\/\">K\u00fcsi hinnapakkumist<\/a><\/p>\n","protected":false},"excerpt":{"rendered":"<p>J\u00e4\u00e4purikate eemaldamine ja lumekoristus majade katustelt. V\u00e4ltimaks eelmiste talvede kurbi kogemusi paneb Pihlakas Puhastus majaomanikele s\u00fcdamele, et j\u00e4lgitaks katusel olevat lume hulka ja tekkida v\u00f5ivaid j\u00e4\u00e4purikaid. Liigne lumi tuleb katustelt eemaldada, et v\u00e4ltida \u00fclekoormusest tingitud kahjustusi ning lumemassiivide langemist t\u00e4navatele ja k\u00f5nniteedele. Pihlakas Puhastus pakub k\u00f5igile majaomanikele ja korteri\u00fchistutele j\u00e4\u00e4purikate eemaldamise ning lumekoristuse teenust. Tagame [&hellip;]<\/p>\n","protected":false},"author":1,"featured_media":0,"parent":7,"menu_order":0,"comment_status":"closed","ping_status":"open","template":"","meta":{"om_disable_all_campaigns":false,"_monsterinsights_skip_tracking":false,"_monsterinsights_sitenote_active":false,"_monsterinsights_sitenote_note":"","_monsterinsights_sitenote_category":0,"_uf_show_specific_survey":0,"_uf_disable_surveys":false,"footnotes":""},"class_list":["post-189","page","type-page","status-publish","hentry"],"aioseo_notices":[],"_links":{"self":[{"href":"https:\/\/pihlakas.eu\/puhastus\/wp-json\/wp\/v2\/pages\/189","targetHints":{"allow":["GET"]}}],"collection":[{"href":"https:\/\/pihlakas.eu\/puhastus\/wp-json\/wp\/v2\/pages"}],"about":[{"href":"https:\/\/pihlakas.eu\/puhastus\/wp-json\/wp\/v2\/types\/page"}],"author":[{"embeddable":true,"href":"https:\/\/pihlakas.eu\/puhastus\/wp-json\/wp\/v2\/users\/1"}],"replies":[{"embeddable":true,"href":"https:\/\/pihlakas.eu\/puhastus\/wp-json\/wp\/v2\/comments?post=189"}],"version-history":[{"count":10,"href":"https:\/\/pihlakas.eu\/puhastus\/wp-json\/wp\/v2\/pages\/189\/revisions"}],"predecessor-version":[{"id":570,"href":"https:\/\/pihlakas.eu\/puhastus\/wp-json\/wp\/v2\/pages\/189\/revisions\/570"}],"up":[{"embeddable":true,"href":"https:\/\/pihlakas.eu\/puhastus\/wp-json\/wp\/v2\/pages\/7"}],"wp:attachment":[{"href":"https:\/\/pihlakas.eu\/puhastus\/wp-json\/wp\/v2\/media?parent=189"}],"curies":[{"name":"wp","href":"https:\/\/api.w.org\/{rel}","templated":true}]}}