{"id":2,"date":"2016-11-17T15:52:12","date_gmt":"2016-11-17T13:52:12","guid":{"rendered":"http:\/\/www.pihlakas.ee\/puhastus\/world\/?page_id=2"},"modified":"2023-05-19T16:08:31","modified_gmt":"2023-05-19T13:08:31","slug":"meist","status":"publish","type":"page","link":"https:\/\/pihlakas.eu\/puhastus\/meist\/","title":{"rendered":"Ettev\u00f5ttest"},"content":{"rendered":"<div style=\"width: 309px\" class=\"wp-caption alignright\"><img loading=\"lazy\" decoding=\"async\" class=\" \" title=\"Juhatus\" src=\"http:\/\/www.pihlakas.ee\/puhastus\/images\/ettevottest.jpg\" alt=\"Pihlakas ettev\u00f5ttest\" width=\"299\" height=\"400\"><p class=\"wp-caption-text\">Teretulemast Pihlakas Puhastus kodulehele<\/p><\/div>\n<p>Ettev\u00f5ttest. Pihlakas Puhastus t\u00f6\u00f6tajad on oma ala professionaalid, kes on teostanud puhastusalaseid t\u00f6id alates 1990 aastast. Enam kui 30-aastase ettev\u00f5tte personal pakub oma teenuseid puhastusteenuste valdkonnast. Alates 2000. aastast tegeleb ettev\u00f5te ka lennukite tehnilise puhastusega.<\/p>\n<p>Pihlakas Tulundus\u00fchistu loodi 1990. aastal eesm\u00e4rgiga pakkuda Eesti kapitalil baseeruva ettev\u00f5tte poolt kvaliteetseid teenuseid nii puhastus- kui ka maam\u00f5\u00f5dut\u00f6\u00f6de valdkonnast. Ettev\u00f5tte pika ajaloo ja j\u00e4rjepideva toimimise on taganud t\u00f6\u00f6tajate j\u00e4tkuv koolitamine koos praktiliste kogemuste jagamisega t\u00f6\u00f6 k\u00e4igus.<\/p>\n<p><strong>Pihlakas Puhastus visioon on pakkuda puhastusteenust koos meeldiva teenindusega.<\/strong><\/p>\n<p><strong>Pihlakas Tulundus\u00fchistu missioon on: Parimad puhastusteenused parimatele klientidele.<\/strong><\/p>\n<p>Lugupidamisega,<br \/>\nTulundus\u00fchistu Pihlakas juhatus<\/p>\n","protected":false},"excerpt":{"rendered":"<p>Ettev\u00f5ttest. Pihlakas Puhastus t\u00f6\u00f6tajad on oma ala professionaalid, kes on teostanud puhastusalaseid t\u00f6id alates 1990 aastast. Enam kui 30-aastase ettev\u00f5tte personal pakub oma teenuseid puhastusteenuste valdkonnast. Alates 2000. aastast tegeleb ettev\u00f5te ka lennukite tehnilise puhastusega. Pihlakas Tulundus\u00fchistu loodi 1990. aastal eesm\u00e4rgiga pakkuda Eesti kapitalil baseeruva ettev\u00f5tte poolt kvaliteetseid teenuseid nii puhastus- kui ka maam\u00f5\u00f5dut\u00f6\u00f6de valdkonnast. [&hellip;]<\/p>\n","protected":false},"author":1,"featured_media":0,"parent":0,"menu_order":0,"comment_status":"closed","ping_status":"open","template":"","meta":{"om_disable_all_campaigns":false,"_monsterinsights_skip_tracking":false,"_monsterinsights_sitenote_active":false,"_monsterinsights_sitenote_note":"","_monsterinsights_sitenote_category":0,"_uf_show_specific_survey":0,"_uf_disable_surveys":false,"footnotes":""},"class_list":["post-2","page","type-page","status-publish","hentry"],"aioseo_notices":[],"_links":{"self":[{"href":"https:\/\/pihlakas.eu\/puhastus\/wp-json\/wp\/v2\/pages\/2","targetHints":{"allow":["GET"]}}],"collection":[{"href":"https:\/\/pihlakas.eu\/puhastus\/wp-json\/wp\/v2\/pages"}],"about":[{"href":"https:\/\/pihlakas.eu\/puhastus\/wp-json\/wp\/v2\/types\/page"}],"author":[{"embeddable":true,"href":"https:\/\/pihlakas.eu\/puhastus\/wp-json\/wp\/v2\/users\/1"}],"replies":[{"embeddable":true,"href":"https:\/\/pihlakas.eu\/puhastus\/wp-json\/wp\/v2\/comments?post=2"}],"version-history":[{"count":26,"href":"https:\/\/pihlakas.eu\/puhastus\/wp-json\/wp\/v2\/pages\/2\/revisions"}],"predecessor-version":[{"id":607,"href":"https:\/\/pihlakas.eu\/puhastus\/wp-json\/wp\/v2\/pages\/2\/revisions\/607"}],"wp:attachment":[{"href":"https:\/\/pihlakas.eu\/puhastus\/wp-json\/wp\/v2\/media?parent=2"}],"curies":[{"name":"wp","href":"https:\/\/api.w.org\/{rel}","templated":true}]}}