{"id":20,"date":"2016-11-17T10:31:09","date_gmt":"2016-11-17T08:31:09","guid":{"rendered":"http:\/\/www.pihlakas.ee\/puhastus\/world\/?page_id=20"},"modified":"2023-05-12T10:38:44","modified_gmt":"2023-05-12T07:38:44","slug":"akende-pesu-aknapesu","status":"publish","type":"page","link":"https:\/\/pihlakas.eu\/puhastus\/puhastusteenused\/akende-pesu-aknapesu\/","title":{"rendered":"Akende pesu, klaasfassaadide ja akenaraamide puhastamine"},"content":{"rendered":"<div style=\"width: 310px\" class=\"wp-caption alignright\"><img loading=\"lazy\" decoding=\"async\" class=\" \" title=\"Akende pesu\" src=\"http:\/\/www.pihlakas.ee\/puhastus\/images\/aknapesu.jpg\" alt=\"\" width=\"300\" height=\"203\" \/><p class=\"wp-caption-text\">Akende pesu, klaasfassaadide ja akenaraamide puhastamine Tallinnas.<\/p><\/div>\n<p>Puhas ja l\u00e4bipaistev aken loob oluliselt parema sisekliima teie kodus ja \u00fclej\u00e4\u00e4nud ruumides. Akende ja klaaspindade puhastamine nii, et ka kuivatusj\u00e4ljed kaovad annab tunnistust korralikust ja professionaalsest koristusest ja puhastusest.<br \/>\nLisaks akende pesule ja klaaspindade puhastamisele tuleb pesta puhtaks ka aknapaled, aknalauad ja aknaraamid, mis pikendab akende eluiga oluliselt. Remondij\u00e4rgne puhastus eeldab, et teostatakse akendele ja akna \u00fcmbruses asuvate pindade s\u00fcvapuhastus, kuna remondij\u00e4\u00e4gid, milleks on v\u00e4rviplekid, \u00f5li, vaha, tsemendi, jne. tuleks puhastada spetsiaalsete kemikaalide, aparatuuriga ja v\u00e4lja\u00f5ppinud personali poolt, et mitte rikkuda aknaid.<\/p>\n<p>Akendele sadestuv mustus tuleks sealt eemaldada v\u00e4hemalt 4 korda aastas, seejuures ka talvekuudel. Vastavalt soovile teeb Pihlakas Puhastus meeskond teile graafiku, millal aknaid ja klaaspindu igaaastaselt k\u00f5ige otstarbekam puhastada oleks. Puhastuse tihedus oleneb suuresti ka asukohast. Kesklinna ja suuremate teede \u00e4\u00e4res asuvaid aknaid ja klaaspindu soovitame pesta v\u00e4hemalt iga 2 kuu tagant.<\/p>\n<p>Puhastame ka k\u00f5rghoonete ankaid ja klaaspindu, kus on vaja kasutada t\u00e4iendavaid turvameetmeid nagu, lifte, t\u00f5stukeid ja spersiaalseid rakiseid.<\/p>\n<p>K\u00f5rghoonete akende, klaaspindade ja fassaadide puhastamisel on Pihlakas Pihastusel v\u00e4lja\u00f5petatud erimeeskond.<\/p>\n<p>Saame teile abiks olla akende pesul, klaaspindade ja fassaadide puhastamisel nii Tallinnas, kui suuremate objektide puhul mujal Eestis.<\/p>\n<p><a href=\"https:\/\/pihlakas.eu\/puhastus\/hinnad-ja-teenuste-maksumus\/\">K\u00fcsi hinnapakkumist<\/a><\/p>\n","protected":false},"excerpt":{"rendered":"<p>Puhas ja l\u00e4bipaistev aken loob oluliselt parema sisekliima teie kodus ja \u00fclej\u00e4\u00e4nud ruumides. Akende ja klaaspindade puhastamine nii, et ka kuivatusj\u00e4ljed kaovad annab tunnistust korralikust ja professionaalsest koristusest ja puhastusest. Lisaks akende pesule ja klaaspindade puhastamisele tuleb pesta puhtaks ka aknapaled, aknalauad ja aknaraamid, mis pikendab akende eluiga oluliselt. Remondij\u00e4rgne puhastus eeldab, et teostatakse akendele [&hellip;]<\/p>\n","protected":false},"author":1,"featured_media":0,"parent":7,"menu_order":0,"comment_status":"closed","ping_status":"open","template":"","meta":{"om_disable_all_campaigns":false,"_monsterinsights_skip_tracking":false,"_monsterinsights_sitenote_active":false,"_monsterinsights_sitenote_note":"","_monsterinsights_sitenote_category":0,"_uf_show_specific_survey":0,"_uf_disable_surveys":false,"footnotes":""},"class_list":["post-20","page","type-page","status-publish","hentry"],"aioseo_notices":[],"_links":{"self":[{"href":"https:\/\/pihlakas.eu\/puhastus\/wp-json\/wp\/v2\/pages\/20","targetHints":{"allow":["GET"]}}],"collection":[{"href":"https:\/\/pihlakas.eu\/puhastus\/wp-json\/wp\/v2\/pages"}],"about":[{"href":"https:\/\/pihlakas.eu\/puhastus\/wp-json\/wp\/v2\/types\/page"}],"author":[{"embeddable":true,"href":"https:\/\/pihlakas.eu\/puhastus\/wp-json\/wp\/v2\/users\/1"}],"replies":[{"embeddable":true,"href":"https:\/\/pihlakas.eu\/puhastus\/wp-json\/wp\/v2\/comments?post=20"}],"version-history":[{"count":24,"href":"https:\/\/pihlakas.eu\/puhastus\/wp-json\/wp\/v2\/pages\/20\/revisions"}],"predecessor-version":[{"id":474,"href":"https:\/\/pihlakas.eu\/puhastus\/wp-json\/wp\/v2\/pages\/20\/revisions\/474"}],"up":[{"embeddable":true,"href":"https:\/\/pihlakas.eu\/puhastus\/wp-json\/wp\/v2\/pages\/7"}],"wp:attachment":[{"href":"https:\/\/pihlakas.eu\/puhastus\/wp-json\/wp\/v2\/media?parent=20"}],"curies":[{"name":"wp","href":"https:\/\/api.w.org\/{rel}","templated":true}]}}