{"id":22,"date":"2016-11-17T10:37:01","date_gmt":"2016-11-17T08:37:01","guid":{"rendered":"http:\/\/www.pihlakas.ee\/puhastus\/world\/?page_id=22"},"modified":"2023-08-13T22:47:51","modified_gmt":"2023-08-13T19:47:51","slug":"vaipkatete-vaipade-pesu","status":"publish","type":"page","link":"https:\/\/pihlakas.eu\/puhastus\/puhastusteenused\/vaipkatete-vaipade-pesu\/","title":{"rendered":"Vaipkatete ja vaipade pesu"},"content":{"rendered":"\n<h2 class=\"wp-block-heading\">Vaipkatete, vaipade, p\u00f5randakatete puhastus<\/h2>\n\n\n<div class=\"wp-block-image\">\n<figure class=\"alignright size-large\"><a href=\"https:\/\/pihlakas.eu\/puhastus\/world\/wp-content\/uploads\/2023\/08\/carpet-cleaning-tool-1-aspect-ratio-1472-8161.jpg\"><img loading=\"lazy\" decoding=\"async\" width=\"1024\" height=\"568\" src=\"https:\/\/pihlakas.eu\/puhastus\/world\/wp-content\/uploads\/2023\/08\/carpet-cleaning-tool-1-aspect-ratio-1472-8161-1024x568.jpg\" alt=\"\" class=\"wp-image-652\" srcset=\"https:\/\/pihlakas.eu\/puhastus\/world\/wp-content\/uploads\/2023\/08\/carpet-cleaning-tool-1-aspect-ratio-1472-8161-1024x568.jpg 1024w, https:\/\/pihlakas.eu\/puhastus\/world\/wp-content\/uploads\/2023\/08\/carpet-cleaning-tool-1-aspect-ratio-1472-8161-300x166.jpg 300w, https:\/\/pihlakas.eu\/puhastus\/world\/wp-content\/uploads\/2023\/08\/carpet-cleaning-tool-1-aspect-ratio-1472-8161-768x426.jpg 768w, https:\/\/pihlakas.eu\/puhastus\/world\/wp-content\/uploads\/2023\/08\/carpet-cleaning-tool-1-aspect-ratio-1472-8161.jpg 1280w\" sizes=\"auto, (max-width: 1024px) 100vw, 1024px\" \/><\/a><\/figure>\n<\/div>\n\n\n<p>Vaipkatete ja vaipade puhastus, Pihlakas Puhastus pakub vaipade keemilist m\u00e4rgpesu, kui ka kuivpuhastust. B\u00fcroo, kontori ja ka kodus kasutatakse valdavalt p\u00f5randal vaipkatteid ja vaipu, siis on ka need \u00fched suuremad mustuse kolded siseruumides. Vaipa ei ole hea lasta \u00fcleliia m\u00e4\u00e4rduda. Vaipu tuleb pesta v\u00e4hemalt 1 kord kuus, mis tagab vaiba pikaealisuse ja esteelilise v\u00e4ljan\u00e4gemise. Mustus kulutab kiudusid ning paakunud mustuse eemaldamine on alati raskem. Mustal ja m\u00e4\u00e4rdunud vaibal esineb ebameeldiv l\u00f5hn, plekke ja k\u00e4iguradasid. Sellisel juhul ei anna tulemust vaiba tavap\u00e4rane tolmuimejaga puhastamine, mis v\u00f5ib olukorra veelgi hullemaks teha, vaid tuleb kasutada vaiba keemilist t\u00f6\u00f6tlemist ja m\u00e4rgpesu. Olenevalt vaiba m\u00e4\u00e4rdumise astmest ja plekkidest tuleb valida \u00f5ige meetod ja kemikaalid vaipkatte puhastamiseks. K\u00f5ik Pihlakas Puhastus kasutatavad kemikaalid ja meetodid on ohutud nii vaipadele, kui inimestele ja loomadele.<br>Pihlakas Puhastus tutvub alati enne vaipkatte puhastust vaiba valmistaja antud kasutusjuhendiga.<br>Pihlakas Puhastus puhastab vaipkatteid ja vaipu teie kodus, kontoris kohapeal. Vaiba pesule peab j\u00e4rgnema 24 h kuivamise periood, mil vaibal ei k\u00e4ida.<\/p>\n\n\n\n<p>Pihlakas Puhastus puhastab allj\u00e4rgnevaid vaipu ja vaipkatteid:<br>Kaltsuvaip, kootud, mustriga vaip, l\u00e4bikootud Wilton vaip, r\u00fciuvaibap, narmasvaip, pabervaip, t\u00e4isvillane k\u00e4sit\u00f6\u00f6vaip, t\u0161uudi vaip, pol\u00fcamiidist (nailon) vaip, pol\u00fcprop\u00fcleen vaip, jne.<br>Pihlakas Puhastuse on oma pikaealiseks koost\u00f6\u00f6partneriks valinud <a href=\"http:\/\/www.forumcinemas.ee\/\" target=\"_blank\" rel=\"noopener\">Coca Cola Plaza<\/a>, <a href=\"http:\/\/www.kosmos.ee\/\" target=\"_blank\" rel=\"noopener\">Kino Kosmos<\/a>, <a href=\"http:\/\/www.riigikogu.ee\/\" target=\"_blank\" rel=\"noopener\">Riigikogu<\/a>.<\/p>\n\n\n\n<p><a title=\"Hinnad\" href=\"https:\/\/pihlakas.eu\/puhastus\/hinnad-ja-teenuste-maksumus\/\">K\u00fcsi hinnapakkumist<\/a><\/p>\n\n\n\n<p><strong>\u00dcks n\u00e4ide v\u00e4ga m\u00e4\u00e4rdunud vaipa puhastusest<\/strong><\/p>\n\n\n\n<figure class=\"wp-block-embed is-type-rich is-provider-uhendusliides wp-block-embed-uhendusliides wp-embed-aspect-16-9 wp-has-aspect-ratio\"><div class=\"wp-block-embed__wrapper\">\n<iframe loading=\"lazy\" title=\"You Wont Believe The Pattern That&#039;s Under This Filthy Rug ! Carpet Cleaning | Satisfying ASMR\" width=\"500\" height=\"281\" src=\"https:\/\/www.youtube.com\/embed\/EN_0b3TWINU?feature=oembed\" frameborder=\"0\" allow=\"accelerometer; autoplay; clipboard-write; encrypted-media; gyroscope; picture-in-picture; web-share\" referrerpolicy=\"strict-origin-when-cross-origin\" allowfullscreen><\/iframe>\n<\/div><figcaption class=\"wp-element-caption\">M\u00e4\u00e4rdunud vaiba pesu<\/figcaption><\/figure>\n\n\n\n<iframe loading=\"lazy\" src=\"https:\/\/www.facebook.com\/plugins\/post.php?href=https%3A%2F%2Fwww.facebook.com%2FPihlakasPuhastus%2Fposts%2Fpfbid09ixJh4yKmFaYjEPGReNJ3ZKxyUNft3hz7EqnFuDxEjLZBfiMk6uP3iNn6XWMFaHKl&#038;show_text=false&#038;width=500\" width=\"100%\" height=\"436\" style=\"border:none;overflow:hidden\" scrolling=\"no\" frameborder=\"0\" allowfullscreen=\"true\" allow=\"autoplay; clipboard-write; encrypted-media; picture-in-picture; web-share\"><\/iframe>\n","protected":false},"excerpt":{"rendered":"<p>Vaipkatete, vaipade, p\u00f5randakatete puhastus Vaipkatete ja vaipade puhastus, Pihlakas Puhastus pakub vaipade keemilist m\u00e4rgpesu, kui ka kuivpuhastust. B\u00fcroo, kontori ja ka kodus kasutatakse valdavalt p\u00f5randal vaipkatteid ja vaipu, siis on ka need \u00fched suuremad mustuse kolded siseruumides. Vaipa ei ole hea lasta \u00fcleliia m\u00e4\u00e4rduda. Vaipu tuleb pesta v\u00e4hemalt 1 kord kuus, mis tagab vaiba pikaealisuse [&hellip;]<\/p>\n","protected":false},"author":1,"featured_media":0,"parent":7,"menu_order":0,"comment_status":"closed","ping_status":"open","template":"","meta":{"om_disable_all_campaigns":false,"_monsterinsights_skip_tracking":false,"_monsterinsights_sitenote_active":false,"_monsterinsights_sitenote_note":"","_monsterinsights_sitenote_category":0,"_uf_show_specific_survey":0,"_uf_disable_surveys":false,"footnotes":""},"class_list":["post-22","page","type-page","status-publish","hentry"],"aioseo_notices":[],"_links":{"self":[{"href":"https:\/\/pihlakas.eu\/puhastus\/wp-json\/wp\/v2\/pages\/22","targetHints":{"allow":["GET"]}}],"collection":[{"href":"https:\/\/pihlakas.eu\/puhastus\/wp-json\/wp\/v2\/pages"}],"about":[{"href":"https:\/\/pihlakas.eu\/puhastus\/wp-json\/wp\/v2\/types\/page"}],"author":[{"embeddable":true,"href":"https:\/\/pihlakas.eu\/puhastus\/wp-json\/wp\/v2\/users\/1"}],"replies":[{"embeddable":true,"href":"https:\/\/pihlakas.eu\/puhastus\/wp-json\/wp\/v2\/comments?post=22"}],"version-history":[{"count":24,"href":"https:\/\/pihlakas.eu\/puhastus\/wp-json\/wp\/v2\/pages\/22\/revisions"}],"predecessor-version":[{"id":656,"href":"https:\/\/pihlakas.eu\/puhastus\/wp-json\/wp\/v2\/pages\/22\/revisions\/656"}],"up":[{"embeddable":true,"href":"https:\/\/pihlakas.eu\/puhastus\/wp-json\/wp\/v2\/pages\/7"}],"wp:attachment":[{"href":"https:\/\/pihlakas.eu\/puhastus\/wp-json\/wp\/v2\/media?parent=22"}],"curies":[{"name":"wp","href":"https:\/\/api.w.org\/{rel}","templated":true}]}}