{"id":30,"date":"2016-11-17T10:40:02","date_gmt":"2016-11-17T08:40:02","guid":{"rendered":"http:\/\/www.pihlakas.ee\/puhastus\/world\/?page_id=30"},"modified":"2023-08-13T22:06:03","modified_gmt":"2023-08-13T19:06:03","slug":"puit-ja-parkettporandate-olitamine","status":"publish","type":"page","link":"https:\/\/pihlakas.eu\/puhastus\/puhastusteenused\/puit-ja-parkettporandate-olitamine\/","title":{"rendered":"Parketi ja laudp\u00f5randa \u00f5litamine"},"content":{"rendered":"<div style=\"width: 310px\" class=\"wp-caption alignright\"><img loading=\"lazy\" decoding=\"async\" style=\"border: 1px solid black;\" title=\"Parketi \u00f5litamine\" src=\"..\/..\/images\/parkett2.jpg\" alt=\"Parketi ja laudp\u00f5randa \u00f5litamine\" width=\"300\" height=\"301\" align=\"right\" border=\"1\"><p class=\"wp-caption-text\">Parketi ja laudp\u00f5randa \u00f5litamine<\/p><\/div>\n<p>Parketi ja laudp\u00f5randa \u00f5litamine. P\u00f5randa \u00f5litamine versus p\u00f5randa lakkimine annab eelise alati p\u00f5randa \u00f5litamine. P\u00f5randa \u00f5litamise eelis lakkimise ees on, et s\u00e4ilib puit ja parkettp\u00f5randa naturaalne v\u00e4limus ja tekstuur. Samuti ei karda \u00f5litatud p\u00f5rand mustust ega vett. Lakikiht aga j\u00e4\u00e4b tehislikuna jala ja puidu vahele. Ka hakkavad kohe esimesest p\u00e4evast lakki rikkuma liivaterad, mis jalatsitega sisse kantakse, kingakontsad ja lemmikloomad, ka ei saa teha lakitud p\u00f5randale kohtparandusi. kahjustuste parandamiseks tuleb kogu p\u00f5rand uuesti \u00fcle lakkida. Sellep\u00e4rast soovitab Pihlakas Puhastus p\u00f5randa lakkimisele, p\u00f5randa \u00f5litamist.<br>Puit- ja parkettp\u00f5randa hooldust ei soovitata kliendil iseseisvalt ette v\u00f5tta, sest valesti tegutsedes v\u00f5ib hinnalise puitp\u00f5randa hoopis j\u00e4\u00e4davalt rikkuda.<br>Pihlakas Puhastuse poolt teostatud p\u00f5randa \u00f5litamisel h\u00f5\u00f5rutakse p\u00f5randasse piisab kogus \u00f5li, mis muudab p\u00f5randapinna kulumis- ja veekindlaks andes \u00f5litatud p\u00f5randale siidja l\u00e4ike.<\/p>\n<p>Pihlakas Pihastus saab teile abiks olla j\u00e4rgnevate p\u00f5randa \u00f5litamise teenuste juures: puitp\u00f5randa \u00f5litamine, laudp\u00f5randa \u00f5litamine, parkettp\u00f5randa \u00f5litamine.<\/p>\n<p><a title=\"Hinnad\" href=\"https:\/\/pihlakas.eu\/puhastus\/hinnad-ja-teenuste-maksumus\/\">K\u00fcsi hinnapakkumist<\/a><\/p>\n<p><strong>P\u00f5randate \u00f5litamiseks kasutame ka Osmo \u00f5lisid.<\/strong><\/p>\n\n\n<figure class=\"wp-block-embed is-type-rich is-provider-uhendusliides wp-block-embed-uhendusliides wp-embed-aspect-16-9 wp-has-aspect-ratio\"><div class=\"wp-block-embed__wrapper\">\n<iframe loading=\"lazy\" title=\"The Best way to Finish your Floor with Osmo Polyx Oil\" width=\"500\" height=\"281\" src=\"https:\/\/www.youtube.com\/embed\/5-DfdX7giqc?feature=oembed\" frameborder=\"0\" allow=\"accelerometer; autoplay; clipboard-write; encrypted-media; gyroscope; picture-in-picture; web-share\" referrerpolicy=\"strict-origin-when-cross-origin\" allowfullscreen><\/iframe>\n<\/div><figcaption class=\"wp-element-caption\">P\u00f5randate \u00f5litamine<\/figcaption><\/figure>\n\n\n\n<iframe loading=\"lazy\" src=\"https:\/\/www.facebook.com\/plugins\/post.php?href=https%3A%2F%2Fwww.facebook.com%2FPihlakasPuhastus%2Fposts%2Fpfbid02rDQb41tjzZokSRHWTksWYmEWfd5un3DCJT7BkfDTfVEpzMM3VeocraiQeSdpsf25l&#038;show_text=false&#038;width=500\" width=\"100%\" height=\"364\" style=\"border:none;overflow:hidden\" scrolling=\"no\" frameborder=\"0\" allowfullscreen=\"true\" allow=\"autoplay; clipboard-write; encrypted-media; picture-in-picture; web-share\"><\/iframe>\n","protected":false},"excerpt":{"rendered":"<p>Parketi ja laudp\u00f5randa \u00f5litamine. P\u00f5randa \u00f5litamine versus p\u00f5randa lakkimine annab eelise alati p\u00f5randa \u00f5litamine. P\u00f5randa \u00f5litamise eelis lakkimise ees on, et s\u00e4ilib puit ja parkettp\u00f5randa naturaalne v\u00e4limus ja tekstuur. Samuti ei karda \u00f5litatud p\u00f5rand mustust ega vett. Lakikiht aga j\u00e4\u00e4b tehislikuna jala ja puidu vahele. Ka hakkavad kohe esimesest p\u00e4evast lakki rikkuma liivaterad, mis jalatsitega [&hellip;]<\/p>\n","protected":false},"author":1,"featured_media":0,"parent":7,"menu_order":0,"comment_status":"closed","ping_status":"open","template":"","meta":{"om_disable_all_campaigns":false,"_monsterinsights_skip_tracking":false,"_monsterinsights_sitenote_active":false,"_monsterinsights_sitenote_note":"","_monsterinsights_sitenote_category":0,"_uf_show_specific_survey":0,"_uf_disable_surveys":false,"footnotes":""},"class_list":["post-30","page","type-page","status-publish","hentry"],"aioseo_notices":[],"_links":{"self":[{"href":"https:\/\/pihlakas.eu\/puhastus\/wp-json\/wp\/v2\/pages\/30","targetHints":{"allow":["GET"]}}],"collection":[{"href":"https:\/\/pihlakas.eu\/puhastus\/wp-json\/wp\/v2\/pages"}],"about":[{"href":"https:\/\/pihlakas.eu\/puhastus\/wp-json\/wp\/v2\/types\/page"}],"author":[{"embeddable":true,"href":"https:\/\/pihlakas.eu\/puhastus\/wp-json\/wp\/v2\/users\/1"}],"replies":[{"embeddable":true,"href":"https:\/\/pihlakas.eu\/puhastus\/wp-json\/wp\/v2\/comments?post=30"}],"version-history":[{"count":16,"href":"https:\/\/pihlakas.eu\/puhastus\/wp-json\/wp\/v2\/pages\/30\/revisions"}],"predecessor-version":[{"id":647,"href":"https:\/\/pihlakas.eu\/puhastus\/wp-json\/wp\/v2\/pages\/30\/revisions\/647"}],"up":[{"embeddable":true,"href":"https:\/\/pihlakas.eu\/puhastus\/wp-json\/wp\/v2\/pages\/7"}],"wp:attachment":[{"href":"https:\/\/pihlakas.eu\/puhastus\/wp-json\/wp\/v2\/media?parent=30"}],"curies":[{"name":"wp","href":"https:\/\/api.w.org\/{rel}","templated":true}]}}