{"id":32,"date":"2016-11-17T10:40:49","date_gmt":"2016-11-17T08:40:49","guid":{"rendered":"http:\/\/www.pihlakas.ee\/puhastus\/world\/?page_id=32"},"modified":"2023-05-19T15:10:38","modified_gmt":"2023-05-19T12:10:38","slug":"nahk-ja-pehme-moobli-puhastus","status":"publish","type":"page","link":"https:\/\/pihlakas.eu\/puhastus\/puhastusteenused\/nahk-ja-pehme-moobli-puhastus\/","title":{"rendered":"Nahk ja pehme m\u00f6\u00f6bli puhastus"},"content":{"rendered":"<h2>Nahk ja pehme m\u00f6\u00f6bli ehk tekstiilm\u00f6\u00f6bli puhastus<\/h2>\n<div style=\"width: 310px\" class=\"wp-caption alignright\"><img loading=\"lazy\" decoding=\"async\" style=\"border: 1px solid black;\" title=\"Nahkm\u00f6\u00f6bli puhastus\" src=\"..\/..\/images\/mooblipesu.jpg\" alt=\"pehme m\u00f6\u00f6bli pesu nahkm\u00f6\u00f6bli puhastus\" width=\"300\" height=\"220\" align=\"right\" border=\"1\" \/><p class=\"wp-caption-text\">Pehme m\u00f6\u00f6bli pesu. Nahkm\u00f6\u00f6bli puhastus<\/p><\/div>\n<p>M\u00f6\u00f6bel on \u00fcks peamine igap\u00e4evases kasutuses olev ese nii kontoris, kui kodus. M\u00f6\u00f6blit kasutatakse igap\u00e4evaselt ja aastaringselt. Seet\u00f5ttu on ka m\u00f6\u00f6bel \u00fcks enim pesu ja puhastust vajavaid objekte kontoris v\u00f5i kodus.<br \/>Tavap\u00e4rased kodukeemia tooted ei v\u00f5imalda kogu mustust m\u00f6\u00f6blilt k\u00e4tte saada. Laudade toolide ja muu m\u00f6\u00f6bli puhastusel tuleb l\u00e4htuda m\u00f6\u00f6bli erip\u00e4rast ja kasutatud kangastest. Pihlakas Puhastus teostab teie m\u00e4\u00e4rdunud m\u00f6\u00f6blile s\u00fcgavpesu, mis j\u00e4tab kogu m\u00f6\u00f6bli edaspidi lihtsamalt puhastatavaks ja pikendab m\u00f6\u00f6bli eluiga. Pehme m\u00f6\u00f6bel eeldab oma pealispinnast l\u00e4htuvalt spetsiifilist puhastust. S\u00fcgavpestud pehme m\u00f6\u00f6bel peab kuivama kuni 24h, enne kui m\u00f6\u00f6bel j\u00e4lle igap\u00e4evasesse kasutusse v\u00f5tta. Sama kuivamise aega soovitame ka nahkm\u00f6\u00f6blile. Nahkm\u00f6\u00f6bli ja pehme m\u00f6\u00f6bli pesu toimub teie kontoris v\u00f5i kodus kohapeal. Kasutatavad kemikaalid on ohutud nii loomadele, kui inimestele.<\/p>\n<div style=\"width: 310px\" class=\"wp-caption alignright\"><img loading=\"lazy\" decoding=\"async\" style=\"border: 1px solid black;\" title=\"Pehme m\u00f6\u00f6bli puhastus. Nahkm\u00f6\u00f6bli pesu\" src=\"..\/..\/images\/nahkmooblipesu.jpg\" alt=\"Nahk ja pehme m\u00f6\u00f6bli puhastus\" width=\"300\" height=\"200\" align=\"left\" border=\"1\" \/><p class=\"wp-caption-text\">Nahk ja pehme m\u00f6\u00f6bli puhastus<\/p><\/div>\n<p>Nahkm\u00f6\u00f6bli puhastusel tuleb valid puhastuse meetod m\u00e4\u00e4rdumise astmest ning plekkide p\u00e4ritolu silmaspidades. Nahkm\u00f6\u00f6bli puhastusel ei soovita kasutada katseeksitus meetodit, sest eelnevaid puhastamisel tekkinud vigu on tagantj\u00e4rele nahkpindadelt k\u00e4tte saada raske v\u00f5i isegi v\u00f5imatu. Alati soovitame p\u00f6\u00f6rduda nahkm\u00f6\u00f6bli puhastamiseks spetsialistide poole. Pihlakas Puhastus aitab teid erinevate nahat\u00fc\u00fcpidest m\u00f6\u00f6bli puhastamisel ja pesul.<\/p>\n<p>\u00a0<\/p>\n\n\n<p><a href=\"https:\/\/pihlakas.eu\/puhastus\/hinnad-ja-teenuste-maksumus\/\" title=\"\">K\u00fcsi hinnapakkumist!<\/a><\/p>\n","protected":false},"excerpt":{"rendered":"<p>Nahk ja pehme m\u00f6\u00f6bli ehk tekstiilm\u00f6\u00f6bli puhastus M\u00f6\u00f6bel on \u00fcks peamine igap\u00e4evases kasutuses olev ese nii kontoris, kui kodus. M\u00f6\u00f6blit kasutatakse igap\u00e4evaselt ja aastaringselt. Seet\u00f5ttu on ka m\u00f6\u00f6bel \u00fcks enim pesu ja puhastust vajavaid objekte kontoris v\u00f5i kodus.Tavap\u00e4rased kodukeemia tooted ei v\u00f5imalda kogu mustust m\u00f6\u00f6blilt k\u00e4tte saada. Laudade toolide ja muu m\u00f6\u00f6bli puhastusel tuleb l\u00e4htuda [&hellip;]<\/p>\n","protected":false},"author":1,"featured_media":0,"parent":7,"menu_order":0,"comment_status":"closed","ping_status":"open","template":"","meta":{"om_disable_all_campaigns":false,"_monsterinsights_skip_tracking":false,"_monsterinsights_sitenote_active":false,"_monsterinsights_sitenote_note":"","_monsterinsights_sitenote_category":0,"_uf_show_specific_survey":0,"_uf_disable_surveys":false,"footnotes":""},"class_list":["post-32","page","type-page","status-publish","hentry"],"aioseo_notices":[],"_links":{"self":[{"href":"https:\/\/pihlakas.eu\/puhastus\/wp-json\/wp\/v2\/pages\/32","targetHints":{"allow":["GET"]}}],"collection":[{"href":"https:\/\/pihlakas.eu\/puhastus\/wp-json\/wp\/v2\/pages"}],"about":[{"href":"https:\/\/pihlakas.eu\/puhastus\/wp-json\/wp\/v2\/types\/page"}],"author":[{"embeddable":true,"href":"https:\/\/pihlakas.eu\/puhastus\/wp-json\/wp\/v2\/users\/1"}],"replies":[{"embeddable":true,"href":"https:\/\/pihlakas.eu\/puhastus\/wp-json\/wp\/v2\/comments?post=32"}],"version-history":[{"count":17,"href":"https:\/\/pihlakas.eu\/puhastus\/wp-json\/wp\/v2\/pages\/32\/revisions"}],"predecessor-version":[{"id":582,"href":"https:\/\/pihlakas.eu\/puhastus\/wp-json\/wp\/v2\/pages\/32\/revisions\/582"}],"up":[{"embeddable":true,"href":"https:\/\/pihlakas.eu\/puhastus\/wp-json\/wp\/v2\/pages\/7"}],"wp:attachment":[{"href":"https:\/\/pihlakas.eu\/puhastus\/wp-json\/wp\/v2\/media?parent=32"}],"curies":[{"name":"wp","href":"https:\/\/api.w.org\/{rel}","templated":true}]}}