{"id":34,"date":"2016-11-17T10:41:43","date_gmt":"2016-11-17T08:41:43","guid":{"rendered":"http:\/\/www.pihlakas.ee\/puhastus\/world\/?page_id=34"},"modified":"2023-05-11T16:15:56","modified_gmt":"2023-05-11T13:15:56","slug":"lennukite-tehniline-puhastus","status":"publish","type":"page","link":"https:\/\/pihlakas.eu\/puhastus\/puhastusteenused\/lennukite-tehniline-puhastus\/","title":{"rendered":"Lennukite tehniline puhastus"},"content":{"rendered":"<div style=\"width: 310px\" class=\"wp-caption alignright\"><img loading=\"lazy\" decoding=\"async\" style=\"border: 1px solid black;\" title=\"Lennukite tehniline ja keemiline puhastus\" src=\"..\/..\/images\/lennukipesu.jpg\" alt=\"Lennukite tehniline puhastus ja pesu\" width=\"300\" height=\"201\" align=\"right\" border=\"1\" \/><p class=\"wp-caption-text\">Lennukite tehniline ja keemiline pesu<\/p><\/div>\n<p>Lennukite tehniline puhastus. Pihlakas Puhastus pakub alates 2000 aastast Eestis ainulaadset keemilist tehnilist pesu fikseeritud tiibadega era- ja kommerts\u00f5hus\u00f5idukitele. Lennukite tehniline puhastus sisaldab l<span style=\"font-size: revert; color: initial;\">ennuki mootorite, s\u00f5lmede ja muude agregaatide tehnilist pesu. On v\u00e4ga spetsiifiline teenus, siis enne iga t\u00f6\u00f6 algust palume p\u00f6\u00f6rduda Pihlakas Puhastus spetsialistide poole, et saaksime teha teile parima v\u00f5imaliku pakkumise. K\u00f5ik t\u00f6\u00f6d teostatakse vastavalt <a href=\"https:\/\/www.easa.europa.eu\/en\" target=\"_blank\" rel=\"noopener\">EASA<\/a> juhenditele.<\/span><\/p>\n<p><a href=\"https:\/\/pihlakas.eu\/puhastus\/hinnad-ja-teenuste-maksumus\/\">K\u00fcsi hinnapakkumist<\/a><\/p>\n<p><strong>Lennukite tehnilist puhastust tutvustav video<\/strong><\/p>\n\n\n<figure class=\"wp-block-embed is-type-rich is-provider-uhendusliides wp-block-embed-uhendusliides wp-embed-aspect-16-9 wp-has-aspect-ratio\"><div class=\"wp-block-embed__wrapper\">\n<iframe loading=\"lazy\" title=\"SWISS - New cleaning procedure for aircraft\" width=\"500\" height=\"281\" src=\"https:\/\/www.youtube.com\/embed\/n1F_JxbL5d8?feature=oembed\" frameborder=\"0\" allow=\"accelerometer; autoplay; clipboard-write; encrypted-media; gyroscope; picture-in-picture; web-share\" referrerpolicy=\"strict-origin-when-cross-origin\" allowfullscreen><\/iframe>\n<\/div><\/figure>\n","protected":false},"excerpt":{"rendered":"<p>Lennukite tehniline puhastus. Pihlakas Puhastus pakub alates 2000 aastast Eestis ainulaadset keemilist tehnilist pesu fikseeritud tiibadega era- ja kommerts\u00f5hus\u00f5idukitele. Lennukite tehniline puhastus sisaldab lennuki mootorite, s\u00f5lmede ja muude agregaatide tehnilist pesu. On v\u00e4ga spetsiifiline teenus, siis enne iga t\u00f6\u00f6 algust palume p\u00f6\u00f6rduda Pihlakas Puhastus spetsialistide poole, et saaksime teha teile parima v\u00f5imaliku pakkumise. K\u00f5ik t\u00f6\u00f6d [&hellip;]<\/p>\n","protected":false},"author":1,"featured_media":0,"parent":7,"menu_order":0,"comment_status":"closed","ping_status":"open","template":"","meta":{"om_disable_all_campaigns":false,"_monsterinsights_skip_tracking":false,"_monsterinsights_sitenote_active":false,"_monsterinsights_sitenote_note":"","_monsterinsights_sitenote_category":0,"_uf_show_specific_survey":0,"_uf_disable_surveys":false,"footnotes":""},"class_list":["post-34","page","type-page","status-publish","hentry"],"aioseo_notices":[],"_links":{"self":[{"href":"https:\/\/pihlakas.eu\/puhastus\/wp-json\/wp\/v2\/pages\/34","targetHints":{"allow":["GET"]}}],"collection":[{"href":"https:\/\/pihlakas.eu\/puhastus\/wp-json\/wp\/v2\/pages"}],"about":[{"href":"https:\/\/pihlakas.eu\/puhastus\/wp-json\/wp\/v2\/types\/page"}],"author":[{"embeddable":true,"href":"https:\/\/pihlakas.eu\/puhastus\/wp-json\/wp\/v2\/users\/1"}],"replies":[{"embeddable":true,"href":"https:\/\/pihlakas.eu\/puhastus\/wp-json\/wp\/v2\/comments?post=34"}],"version-history":[{"count":11,"href":"https:\/\/pihlakas.eu\/puhastus\/wp-json\/wp\/v2\/pages\/34\/revisions"}],"predecessor-version":[{"id":392,"href":"https:\/\/pihlakas.eu\/puhastus\/wp-json\/wp\/v2\/pages\/34\/revisions\/392"}],"up":[{"embeddable":true,"href":"https:\/\/pihlakas.eu\/puhastus\/wp-json\/wp\/v2\/pages\/7"}],"wp:attachment":[{"href":"https:\/\/pihlakas.eu\/puhastus\/wp-json\/wp\/v2\/media?parent=34"}],"curies":[{"name":"wp","href":"https:\/\/api.w.org\/{rel}","templated":true}]}}