{"id":483,"date":"2023-05-15T11:29:40","date_gmt":"2023-05-15T08:29:40","guid":{"rendered":"https:\/\/pihlakas.eu\/puhastus\/?page_id=483"},"modified":"2023-05-17T14:42:41","modified_gmt":"2023-05-17T11:42:41","slug":"epoporanda-hooldus","status":"publish","type":"page","link":"https:\/\/pihlakas.eu\/puhastus\/puhastusteenused\/epoporanda-hooldus\/","title":{"rendered":"Epop\u00f5randa hooldus"},"content":{"rendered":"\n<figure class=\"wp-block-image size-full\"><a href=\"https:\/\/pihlakas.eu\/puhastus\/world\/wp-content\/uploads\/2023\/05\/epoporandad.jpg\"><img loading=\"lazy\" decoding=\"async\" width=\"960\" height=\"720\" src=\"https:\/\/pihlakas.eu\/puhastus\/world\/wp-content\/uploads\/2023\/05\/epoporandad.jpg\" alt=\"Epop\u00f5randate hooldus\" class=\"wp-image-484\" srcset=\"https:\/\/pihlakas.eu\/puhastus\/world\/wp-content\/uploads\/2023\/05\/epoporandad.jpg 960w, https:\/\/pihlakas.eu\/puhastus\/world\/wp-content\/uploads\/2023\/05\/epoporandad-300x225.jpg 300w, https:\/\/pihlakas.eu\/puhastus\/world\/wp-content\/uploads\/2023\/05\/epoporandad-768x576.jpg 768w\" sizes=\"auto, (max-width: 960px) 100vw, 960px\" \/><\/a><\/figure>\n\n\n\n<p>Epop\u00f5randa hooldus. Epop\u00f5rand on oma vastupidavuse, plekkide ja kemikaalide vastupidavuse ning lihtsa hoolduse t\u00f5ttu populaarne valik \u00e4ri- ja t\u00f6\u00f6stuskeskkondades. <\/p>\n\n\n\n<p><strong>Siin on m\u00f5ned n\u00e4pun\u00e4ited epop\u00f5randate eest hoolitsemiseks:<\/strong><\/p>\n\n\n\n<p>Regulaarne puhastamine: Parim viis epoksiidp\u00f5randate hooldamiseks on seda korrap\u00e4raselt puhastada pehmete harjastega harja v\u00f5i tolmumopiga, et eemaldada mustus, praht v\u00f5i praht, mis v\u00f5ib pinda kriimustada. Peksuvarrastega tolmuimejaid tuleks v\u00e4ltida, kuna need v\u00f5ivad pinda kahjustada.<\/p>\n\n\n\n<p>Lekked: k\u00f5ik lekked tuleb kohe paberr\u00e4tiku v\u00f5i puhta kuiva lapiga \u00e4ra koristada. J\u00e4relevalveta j\u00e4tmisel v\u00f5ivad lekked tungida l\u00e4bi epoksiidi pinna ja p\u00f5hjustada raskesti eemaldatavaid plekke.<\/p>\n\n\n\n<p>P\u00fchkige p\u00f5randat aeg-ajalt pehme seebilahuse ja sooja veega. Tugevaid kemikaale ja abrasiivseid puhastusvahendeid tuleks v\u00e4ltida, kuna need v\u00f5ivad epopinda kahjustada.<\/p>\n\n\n\n<p>Ennetavad meetmed: epoksiidp\u00f5randa kriimustuste v\u00f5i m\u00f5lkide v\u00e4ltimiseks tuleb raskeid seadmeid v\u00f5i m\u00f6\u00f6blit liigutada ettevaatlikult, kasutades m\u00f6\u00f6bli liugureid v\u00f5i kaitsematte.<\/p>\n\n\n\n<p>Remont: Kui epoksiidi pinnal tekib kahjustusi, tuleb see edasiste kahjustuste v\u00e4ltimiseks kiiresti parandada. Epoksiidi remondikomplektid on saadaval enamikus h\u00e4stivarustatud kauplustes.<\/p>\n\n\n\n<p>J\u00e4rgides neid lihtsaid samme, saate hoida oma epop\u00f5randad puhtad, l\u00e4ikivad ja h\u00e4sti hooldatud mitmeid aastaid.<\/p>\n\n\n\n<p><a href=\"https:\/\/pihlakas.eu\/puhastus\/hinnad-ja-teenuste-maksumus\/\" title=\"Hinnad\">Kuid, kui igap\u00e4evane epop\u00f5randa pesu enam tulemust ei anna, siis on vajalik tellida epop\u00f5randa s\u00fcvapesu siit.<\/a><\/p>\n\n\n\n<h2 class=\"wp-block-heading\">L\u00fchike video kuidas epop\u00f5randaid igap\u00e4evaselt puhastada.<\/h2>\n\n\n\n<figure class=\"wp-block-embed is-type-rich is-provider-uhendusliides wp-block-embed-uhendusliides wp-embed-aspect-16-9 wp-has-aspect-ratio\"><div class=\"wp-block-embed__wrapper\">\n<iframe loading=\"lazy\" title=\"Epoxy ETC : How to Clean your Epoxy Floor\" width=\"500\" height=\"281\" src=\"https:\/\/www.youtube.com\/embed\/W0HKBUkIygg?feature=oembed\" frameborder=\"0\" allow=\"accelerometer; autoplay; clipboard-write; encrypted-media; gyroscope; picture-in-picture; web-share\" referrerpolicy=\"strict-origin-when-cross-origin\" allowfullscreen><\/iframe>\n<\/div><\/figure>\n","protected":false},"excerpt":{"rendered":"<p>Epop\u00f5randa hooldus. Epop\u00f5rand on oma vastupidavuse, plekkide ja kemikaalide vastupidavuse ning lihtsa hoolduse t\u00f5ttu populaarne valik \u00e4ri- ja t\u00f6\u00f6stuskeskkondades. Siin on m\u00f5ned n\u00e4pun\u00e4ited epop\u00f5randate eest hoolitsemiseks: Regulaarne puhastamine: Parim viis epoksiidp\u00f5randate hooldamiseks on seda korrap\u00e4raselt puhastada pehmete harjastega harja v\u00f5i tolmumopiga, et eemaldada mustus, praht v\u00f5i praht, mis v\u00f5ib pinda kriimustada. Peksuvarrastega tolmuimejaid tuleks v\u00e4ltida, [&hellip;]<\/p>\n","protected":false},"author":1,"featured_media":0,"parent":7,"menu_order":0,"comment_status":"closed","ping_status":"closed","template":"","meta":{"om_disable_all_campaigns":false,"_monsterinsights_skip_tracking":false,"_monsterinsights_sitenote_active":false,"_monsterinsights_sitenote_note":"","_monsterinsights_sitenote_category":0,"_uf_show_specific_survey":0,"_uf_disable_surveys":false,"footnotes":""},"class_list":["post-483","page","type-page","status-publish","hentry"],"aioseo_notices":[],"_links":{"self":[{"href":"https:\/\/pihlakas.eu\/puhastus\/wp-json\/wp\/v2\/pages\/483","targetHints":{"allow":["GET"]}}],"collection":[{"href":"https:\/\/pihlakas.eu\/puhastus\/wp-json\/wp\/v2\/pages"}],"about":[{"href":"https:\/\/pihlakas.eu\/puhastus\/wp-json\/wp\/v2\/types\/page"}],"author":[{"embeddable":true,"href":"https:\/\/pihlakas.eu\/puhastus\/wp-json\/wp\/v2\/users\/1"}],"replies":[{"embeddable":true,"href":"https:\/\/pihlakas.eu\/puhastus\/wp-json\/wp\/v2\/comments?post=483"}],"version-history":[{"count":8,"href":"https:\/\/pihlakas.eu\/puhastus\/wp-json\/wp\/v2\/pages\/483\/revisions"}],"predecessor-version":[{"id":545,"href":"https:\/\/pihlakas.eu\/puhastus\/wp-json\/wp\/v2\/pages\/483\/revisions\/545"}],"up":[{"embeddable":true,"href":"https:\/\/pihlakas.eu\/puhastus\/wp-json\/wp\/v2\/pages\/7"}],"wp:attachment":[{"href":"https:\/\/pihlakas.eu\/puhastus\/wp-json\/wp\/v2\/media?parent=483"}],"curies":[{"name":"wp","href":"https:\/\/api.w.org\/{rel}","templated":true}]}}