{"id":499,"date":"2023-05-15T12:06:12","date_gmt":"2023-05-15T09:06:12","guid":{"rendered":"https:\/\/pihlakas.eu\/puhastus\/?page_id=499"},"modified":"2023-08-13T22:00:14","modified_gmt":"2023-08-13T19:00:14","slug":"epoporanda-suvapesu","status":"publish","type":"page","link":"https:\/\/pihlakas.eu\/puhastus\/puhastusteenused\/epoporanda-suvapesu\/","title":{"rendered":"Epop\u00f5randa s\u00fcvapesu"},"content":{"rendered":"\n<figure class=\"wp-block-image size-large\"><a href=\"https:\/\/pihlakas.eu\/puhastus\/world\/wp-content\/uploads\/2023\/05\/epoxyfloor.jpg\"><img loading=\"lazy\" decoding=\"async\" width=\"1024\" height=\"534\" src=\"https:\/\/pihlakas.eu\/puhastus\/world\/wp-content\/uploads\/2023\/05\/epoxyfloor-1024x534.jpg\" alt=\"Epop\u00f5randa s\u00fcvapesu\" class=\"wp-image-500\" srcset=\"https:\/\/pihlakas.eu\/puhastus\/world\/wp-content\/uploads\/2023\/05\/epoxyfloor-1024x534.jpg 1024w, https:\/\/pihlakas.eu\/puhastus\/world\/wp-content\/uploads\/2023\/05\/epoxyfloor-300x157.jpg 300w, https:\/\/pihlakas.eu\/puhastus\/world\/wp-content\/uploads\/2023\/05\/epoxyfloor-768x401.jpg 768w, https:\/\/pihlakas.eu\/puhastus\/world\/wp-content\/uploads\/2023\/05\/epoxyfloor.jpg 1280w\" sizes=\"auto, (max-width: 1024px) 100vw, 1024px\" \/><\/a><\/figure>\n\n\n\n<p>Epop\u00f5randa s\u00fcvapesu. Kuigi regulaarne puhastamine on epoks\u00fcp\u00f5randate hooldamiseks h\u00e4davajalik, on aeg-ajalt vaja s\u00fcgavpuhastust, et pind j\u00e4\u00e4ks uue ja v\u00e4rskena. <\/p>\n\n\n\n<p><strong>Siin on m\u00f5ned sammud epoks\u00fcp\u00f5randate s\u00fcgavpuhastamiseks:<\/strong><\/p>\n\n\n\n<p>Eemaldage lahtine praht ja mustus p\u00f5randat p\u00fchkides v\u00f5i tolmuimejaga.<\/p>\n\n\n\n<p>Segage puhastuslahus: Segage \u00e4mbris kuuma vee ja neutraalse puhastusvahendi lahus. Enne kasutamist lugege kindlasti puhastusvahendil olevaid juhiseid, et v\u00e4ltida pinna kahjustamist.<\/p>\n\n\n\n<p>Lahuse pealekandmine: Kandke puhastuslahus p\u00f5randale osade kaupa, kasutades moppi v\u00f5i puhastusharja. Laske lahusel 10-15 minutit seista, kuid \u00e4rge laske sellel kuivada.<\/p>\n\n\n\n<p>P\u00f5randa puhastamine: kasutage pinna p\u00f5hjalikuks k\u00fc\u00fcrimiseks puhastusharja. P\u00f6\u00f6rake erilist t\u00e4helepanu m\u00e4\u00e4rdunud v\u00f5i tugevalt m\u00e4\u00e4rdunud aladele.<\/p>\n\n\n\n<p>P\u00f5randa loputamine: loputage p\u00f5rand p\u00f5hjalikult puhta veega, et eemaldada kogu puhastuslahus ja mustus. Kasutage liigse vee eemaldamiseks kaabitsat v\u00f5i m\u00e4rga vaakumit.<\/p>\n\n\n\n<p>Kuivatamine: Laske p\u00f5randal t\u00e4ielikult \u00f5hu k\u00e4es kuivada, enne kui lubate pinnale jalgsi v\u00f5i seadmeid.<\/p>\n\n\n\n<p>Valikuline: kandke pinnale tihendusainet v\u00f5i vaha, et suurendada l\u00e4iget ja kaitsta epoks\u00fckatte kahjustuste eest.<\/p>\n\n\n\n<p>J\u00e4rgides neid samme, saate oma epoks\u00fcp\u00f5randa s\u00fcgavuti puhastada ning taastada selle s\u00e4ra ja l\u00e4ike. Pinna kahjustamise v\u00e4ltimiseks on oluline kasutada \u00f5igeid puhastusvahendeid ja t\u00f6\u00f6riistu.<\/p>\n\n\n\n<h2 class=\"wp-block-heading\">Kui soovite, et selle t\u00f6\u00f6 teeksime \u00e4ra teie eest, siis palun v\u00f5tke meiega \u00fchendust alloleval lingil.<\/h2>\n\n\n\n<p><a href=\"https:\/\/pihlakas.eu\/puhastus\/hinnad-ja-teenuste-maksumus\/\" title=\"Hinnad\">K\u00fcsi hinnapakkumist siit.<\/a><\/p>\n\n\n\n<iframe loading=\"lazy\" src=\"https:\/\/www.facebook.com\/plugins\/post.php?href=https%3A%2F%2Fwww.facebook.com%2FPihlakasPuhastus%2Fposts%2Fpfbid02GmHnxrfbLy1g8dqRhXMT1R5FAtFDoFWMsJAAxhXUdnCZGFTjS5aCn7EPRhgcvsWfl&#038;show_text=false&#038;width=500\" width=\"100%\" height=\"260\" style=\"border:none;overflow:hidden\" scrolling=\"no\" frameborder=\"0\" allowfullscreen=\"true\" allow=\"autoplay; clipboard-write; encrypted-media; picture-in-picture; web-share\"><\/iframe>\n","protected":false},"excerpt":{"rendered":"<p>Epop\u00f5randa s\u00fcvapesu. Kuigi regulaarne puhastamine on epoks\u00fcp\u00f5randate hooldamiseks h\u00e4davajalik, on aeg-ajalt vaja s\u00fcgavpuhastust, et pind j\u00e4\u00e4ks uue ja v\u00e4rskena. Siin on m\u00f5ned sammud epoks\u00fcp\u00f5randate s\u00fcgavpuhastamiseks: Eemaldage lahtine praht ja mustus p\u00f5randat p\u00fchkides v\u00f5i tolmuimejaga. Segage puhastuslahus: Segage \u00e4mbris kuuma vee ja neutraalse puhastusvahendi lahus. Enne kasutamist lugege kindlasti puhastusvahendil olevaid juhiseid, et v\u00e4ltida pinna kahjustamist. [&hellip;]<\/p>\n","protected":false},"author":1,"featured_media":0,"parent":7,"menu_order":0,"comment_status":"closed","ping_status":"closed","template":"","meta":{"om_disable_all_campaigns":false,"_monsterinsights_skip_tracking":false,"_monsterinsights_sitenote_active":false,"_monsterinsights_sitenote_note":"","_monsterinsights_sitenote_category":0,"_uf_show_specific_survey":0,"_uf_disable_surveys":false,"footnotes":""},"class_list":["post-499","page","type-page","status-publish","hentry"],"aioseo_notices":[],"_links":{"self":[{"href":"https:\/\/pihlakas.eu\/puhastus\/wp-json\/wp\/v2\/pages\/499","targetHints":{"allow":["GET"]}}],"collection":[{"href":"https:\/\/pihlakas.eu\/puhastus\/wp-json\/wp\/v2\/pages"}],"about":[{"href":"https:\/\/pihlakas.eu\/puhastus\/wp-json\/wp\/v2\/types\/page"}],"author":[{"embeddable":true,"href":"https:\/\/pihlakas.eu\/puhastus\/wp-json\/wp\/v2\/users\/1"}],"replies":[{"embeddable":true,"href":"https:\/\/pihlakas.eu\/puhastus\/wp-json\/wp\/v2\/comments?post=499"}],"version-history":[{"count":3,"href":"https:\/\/pihlakas.eu\/puhastus\/wp-json\/wp\/v2\/pages\/499\/revisions"}],"predecessor-version":[{"id":642,"href":"https:\/\/pihlakas.eu\/puhastus\/wp-json\/wp\/v2\/pages\/499\/revisions\/642"}],"up":[{"embeddable":true,"href":"https:\/\/pihlakas.eu\/puhastus\/wp-json\/wp\/v2\/pages\/7"}],"wp:attachment":[{"href":"https:\/\/pihlakas.eu\/puhastus\/wp-json\/wp\/v2\/media?parent=499"}],"curies":[{"name":"wp","href":"https:\/\/api.w.org\/{rel}","templated":true}]}}