{"id":517,"date":"2023-05-15T13:02:04","date_gmt":"2023-05-15T10:02:04","guid":{"rendered":"https:\/\/pihlakas.eu\/puhastus\/?page_id=517"},"modified":"2023-05-15T13:03:49","modified_gmt":"2023-05-15T10:03:49","slug":"linoleumporandate-puhastamine","status":"publish","type":"page","link":"https:\/\/pihlakas.eu\/puhastus\/puhastusteenused\/linoleumporandate-puhastamine\/","title":{"rendered":"Linoleump\u00f5randate puhastamine"},"content":{"rendered":"\n<figure class=\"wp-block-image size-large\"><img decoding=\"async\" src=\"https:\/\/www.homeadvisor.com\/r\/wp-content\/uploads\/2016\/06\/linoleum-flooring.jpg\" alt=\"Linoleump\u00f5randate puhastamine\"\/><\/figure>\n\n\n\n<h2 class=\"wp-block-heading\">Linoleump\u00f5randate puhastamine<\/h2>\n\n\n\n<p>Linoleump\u00f5randad on vastupidavad ja kergesti hooldatavad. Siin on m\u00f5ned n\u00e4pun\u00e4ited nende eest hoolitsemiseks:<\/p>\n\n\n\n<p>Koristage lekked koheselt: Linoleum on veekindel, kuid siiski on oluline lekked koheselt koristada, et v\u00e4ltida kahjustusi v\u00f5i plekke.<\/p>\n\n\n\n<p>P\u00fchkige v\u00f5i imege tolmuimejaga regulaarselt: mustus ja liivad v\u00f5ivad linoleump\u00f5randate pinda kriimustada, mist\u00f5ttu on oluline neid regulaarselt p\u00fchkida v\u00f5i tolmuimejaga puhastada. Pinna kriimustamise v\u00e4ltimiseks kasutage pehmete harjastega harja v\u00f5i vaakumkinnitust.<\/p>\n\n\n\n<p>Kasutage pH-neutraalset puhastusvahendit: v\u00e4ltige tugevate kemikaalide v\u00f5i abrasiivsete puhastusvahendite kasutamist linoleump\u00f5randatel. Selle asemel kasutage pinna puhastamiseks neutraalset pH-taset ja niisket moppi. V\u00e4ltige liigse vee kasutamist, kuna linoleum on veekahjustuste suhtes kalduvus.<\/p>\n\n\n\n<p>V\u00e4ltige k\u00f5rgeid kontsi: k\u00f5rged kontsad v\u00f5ivad j\u00e4tta linoleump\u00f5randatele kriimustusi ja kriimustusi. Julgustage inimesi linoleump\u00f5randal k\u00f5ndides jalan\u00f5usid \u00e4ra v\u00f5tma v\u00f5i kandma pehme tallaga kingi.<\/p>\n\n\n\n<p>Kasutage kaitsepadjakesi: asetage kaitsepadjad raske m\u00f6\u00f6bli alla, et v\u00e4ltida kriimustusi ja m\u00f5lke.<\/p>\n\n\n\n<p>Vaha v\u00f5i tihenda p\u00f5rand: Linoleump\u00f5randaid saab pinna kaitsmiseks ja v\u00e4limuse parandamiseks vahatada v\u00f5i tihendada. Vaha v\u00f5i hermeetiku pealekandmisel ja hooldamisel j\u00e4rgige tootja juhiseid.<\/p>\n\n\n\n<p>J\u00e4rgides neid n\u00e4pun\u00e4iteid, saate hoida oma linoleump\u00f5randate suurep\u00e4rase v\u00e4ljan\u00e4gemise aastaid.<\/p>\n\n\n\n<h2 class=\"wp-block-heading\"><a href=\"https:\/\/pihlakas.eu\/puhastus\/hinnad-ja-teenuste-maksumus\/\" title=\"Hinnad\">Kui aga linoleump\u00f5rand vajab juba p\u00f5hjalikumat pesu, siis v\u00f5tke meiega \u00fchendust siin.<\/a><\/h2>\n","protected":false},"excerpt":{"rendered":"<p>Linoleump\u00f5randate puhastamine Linoleump\u00f5randad on vastupidavad ja kergesti hooldatavad. Siin on m\u00f5ned n\u00e4pun\u00e4ited nende eest hoolitsemiseks: Koristage lekked koheselt: Linoleum on veekindel, kuid siiski on oluline lekked koheselt koristada, et v\u00e4ltida kahjustusi v\u00f5i plekke. P\u00fchkige v\u00f5i imege tolmuimejaga regulaarselt: mustus ja liivad v\u00f5ivad linoleump\u00f5randate pinda kriimustada, mist\u00f5ttu on oluline neid regulaarselt p\u00fchkida v\u00f5i tolmuimejaga puhastada. Pinna [&hellip;]<\/p>\n","protected":false},"author":1,"featured_media":0,"parent":7,"menu_order":0,"comment_status":"closed","ping_status":"closed","template":"","meta":{"om_disable_all_campaigns":false,"_monsterinsights_skip_tracking":false,"_monsterinsights_sitenote_active":false,"_monsterinsights_sitenote_note":"","_monsterinsights_sitenote_category":0,"_uf_show_specific_survey":0,"_uf_disable_surveys":false,"footnotes":""},"class_list":["post-517","page","type-page","status-publish","hentry"],"aioseo_notices":[],"_links":{"self":[{"href":"https:\/\/pihlakas.eu\/puhastus\/wp-json\/wp\/v2\/pages\/517","targetHints":{"allow":["GET"]}}],"collection":[{"href":"https:\/\/pihlakas.eu\/puhastus\/wp-json\/wp\/v2\/pages"}],"about":[{"href":"https:\/\/pihlakas.eu\/puhastus\/wp-json\/wp\/v2\/types\/page"}],"author":[{"embeddable":true,"href":"https:\/\/pihlakas.eu\/puhastus\/wp-json\/wp\/v2\/users\/1"}],"replies":[{"embeddable":true,"href":"https:\/\/pihlakas.eu\/puhastus\/wp-json\/wp\/v2\/comments?post=517"}],"version-history":[{"count":1,"href":"https:\/\/pihlakas.eu\/puhastus\/wp-json\/wp\/v2\/pages\/517\/revisions"}],"predecessor-version":[{"id":518,"href":"https:\/\/pihlakas.eu\/puhastus\/wp-json\/wp\/v2\/pages\/517\/revisions\/518"}],"up":[{"embeddable":true,"href":"https:\/\/pihlakas.eu\/puhastus\/wp-json\/wp\/v2\/pages\/7"}],"wp:attachment":[{"href":"https:\/\/pihlakas.eu\/puhastus\/wp-json\/wp\/v2\/media?parent=517"}],"curies":[{"name":"wp","href":"https:\/\/api.w.org\/{rel}","templated":true}]}}