{"id":64,"date":"2023-08-13T21:39:33","date_gmt":"2023-08-13T18:39:33","guid":{"rendered":"http:\/\/www.pihlakas.ee\/puhastus\/world\/?page_id=64"},"modified":"2023-08-13T21:57:51","modified_gmt":"2023-08-13T18:57:51","slug":"betoon-ja-kiviporandate-pesu","status":"publish","type":"page","link":"https:\/\/pihlakas.eu\/puhastus\/puhastusteenused\/betoon-ja-kiviporandate-pesu\/","title":{"rendered":"Betoonp\u00f5randa pesu"},"content":{"rendered":"<div class=\"wp-block-image\">\n<figure class=\"alignright\"><a href=\"https:\/\/pihlakas.eu\/puhastus\/world\/wp-content\/uploads\/2023\/05\/betoonporandapesu.jpg\"><img loading=\"lazy\" decoding=\"async\" width=\"300\" height=\"200\" src=\"https:\/\/pihlakas.eu\/puhastus\/world\/wp-content\/uploads\/2023\/05\/betoonporandapesu-300x200.jpg\" alt=\"Betoon- ja kivip\u00f5randate pesu\" class=\"wp-image-565\" srcset=\"https:\/\/pihlakas.eu\/puhastus\/world\/wp-content\/uploads\/2023\/05\/betoonporandapesu-300x200.jpg 300w, https:\/\/pihlakas.eu\/puhastus\/world\/wp-content\/uploads\/2023\/05\/betoonporandapesu.jpg 612w\" sizes=\"auto, (max-width: 300px) 100vw, 300px\" \/><\/a><figcaption class=\"wp-element-caption\">Betoon- ja kivip\u00f5randate pesu<\/figcaption><\/figure>\n<\/div>\n\n\n<p>Betoonp\u00f5randate pesu ja kivip\u00f5randate puhastus. Kivi ja betoonp\u00f5randad on kasutuses k\u00e4idavates kohtades nagu kontorid, kaubanduskeskused, mida kulutavad p\u00e4evas tuhanded ja tuhanded inimesed. Esialgu k\u00f5va ja vastupidava kattematerjalina tunduv kivi (klinkerplaat) v\u00f5i betoon v\u00f5ib kaotada oma algsest tugevusest ja tekstuuris olulise osa, kui seda korralikult ei puhastata ega hooldata. Korrap\u00e4rane s\u00fcvapesu ja hooldus vaha v\u00f5i vastavalt vajadusele m\u00f5ne muu pinnakatte hoolduseks m\u00f5eldud kemikaaliga tagab p\u00f5randa pika ea ja kerge hoolduse.<br>P\u00f5randapesule eelneb igakordne anal\u00fc\u00fcs Pihlakas Puhastus spetsialisti poolt, kes m\u00e4\u00e4rab kohapeal t\u00e4pse meetodi ja materjalid.<\/p>\n\n\n\n<p><a href=\"https:\/\/pihlakas.eu\/puhastus\/hinnad-ja-teenuste-maksumus\/\">K\u00fcsi hinnapakkumist<\/a><\/p>\n\n\n\n<iframe loading=\"lazy\" src=\"https:\/\/www.facebook.com\/plugins\/post.php?href=https%3A%2F%2Fwww.facebook.com%2FPihlakasPuhastus%2Fposts%2Fpfbid0wVJjC9SjdGUEV4CNc66fnZydxdNmY598S9tyRBdDdWL9fA5mhWGhBdQ9ktKFUQqrl&#038;show_text=false&#038;width=500\" width=\"500\" height=\"333\" style=\"border:none;overflow:hidden\" scrolling=\"no\" frameborder=\"0\" allowfullscreen=\"true\" allow=\"autoplay; clipboard-write; encrypted-media; picture-in-picture; web-share\"><\/iframe>\n","protected":false},"excerpt":{"rendered":"<p>Betoonp\u00f5randate pesu ja kivip\u00f5randate puhastus. Kivi ja betoonp\u00f5randad on kasutuses k\u00e4idavates kohtades nagu kontorid, kaubanduskeskused, mida kulutavad p\u00e4evas tuhanded ja tuhanded inimesed. Esialgu k\u00f5va ja vastupidava kattematerjalina tunduv kivi (klinkerplaat) v\u00f5i betoon v\u00f5ib kaotada oma algsest tugevusest ja tekstuuris olulise osa, kui seda korralikult ei puhastata ega hooldata. Korrap\u00e4rane s\u00fcvapesu ja hooldus vaha v\u00f5i vastavalt [&hellip;]<\/p>\n","protected":false},"author":1,"featured_media":0,"parent":7,"menu_order":0,"comment_status":"closed","ping_status":"open","template":"","meta":{"om_disable_all_campaigns":false,"_monsterinsights_skip_tracking":false,"_monsterinsights_sitenote_active":false,"_monsterinsights_sitenote_note":"","_monsterinsights_sitenote_category":0,"_uf_show_specific_survey":0,"_uf_disable_surveys":false,"footnotes":""},"class_list":["post-64","page","type-page","status-publish","hentry"],"aioseo_notices":[],"_links":{"self":[{"href":"https:\/\/pihlakas.eu\/puhastus\/wp-json\/wp\/v2\/pages\/64","targetHints":{"allow":["GET"]}}],"collection":[{"href":"https:\/\/pihlakas.eu\/puhastus\/wp-json\/wp\/v2\/pages"}],"about":[{"href":"https:\/\/pihlakas.eu\/puhastus\/wp-json\/wp\/v2\/types\/page"}],"author":[{"embeddable":true,"href":"https:\/\/pihlakas.eu\/puhastus\/wp-json\/wp\/v2\/users\/1"}],"replies":[{"embeddable":true,"href":"https:\/\/pihlakas.eu\/puhastus\/wp-json\/wp\/v2\/comments?post=64"}],"version-history":[{"count":21,"href":"https:\/\/pihlakas.eu\/puhastus\/wp-json\/wp\/v2\/pages\/64\/revisions"}],"predecessor-version":[{"id":640,"href":"https:\/\/pihlakas.eu\/puhastus\/wp-json\/wp\/v2\/pages\/64\/revisions\/640"}],"up":[{"embeddable":true,"href":"https:\/\/pihlakas.eu\/puhastus\/wp-json\/wp\/v2\/pages\/7"}],"wp:attachment":[{"href":"https:\/\/pihlakas.eu\/puhastus\/wp-json\/wp\/v2\/media?parent=64"}],"curies":[{"name":"wp","href":"https:\/\/api.w.org\/{rel}","templated":true}]}}