{"id":7,"date":"2016-11-17T10:18:58","date_gmt":"2016-11-17T08:18:58","guid":{"rendered":"http:\/\/www.pihlakas.ee\/puhastus\/world\/?page_id=7"},"modified":"2023-05-16T14:58:35","modified_gmt":"2023-05-16T11:58:35","slug":"puhastusteenused","status":"publish","type":"page","link":"https:\/\/pihlakas.eu\/puhastus\/puhastusteenused\/","title":{"rendered":"Puhastusteenused"},"content":{"rendered":"<p>Pihlakas Puhastus puhastusteenuste alla kuuluvad teenused alates akende ja vaipade pesust kuni lennukite tehnilise puhastuseni.<\/p>\n<p>Puhastusteenused, mida Pihlakas Puhastus pakub on:<\/p>\n<ol>\n<li><a title=\"J\u00e4\u00e4purikate eemaldamine ja lumekoristus majade katustelt\" href=\"http:\/\/www.pihlakas.eu\/puhastus\/puhastusteenused\/jaapurikate-eemaldamine-ja-lumekoristus-majade-katustelt\/\">Lume ja j\u00e4\u00e4 eemaldamine katuselt<\/a><\/li>\n<li><a title=\"Akende pesu, aknapesu\" href=\"http:\/\/www.pihlakas.ee\/puhastus\/puhastusteenused\/akende-pesu-aknapesu\/\">Akende pesu, aknapesu<\/a><\/li>\n<li><a title=\"Vaipkatete, vaipade pesu\" href=\"http:\/\/www.pihlakas.ee\/puhastus\/puhastusteenused\/vaipkatete-vaipade-pesu\/\">Vaipkatete, vaipade pesu<\/a><\/li>\n<li><a title=\"Betoonp\u00f5randate ja kivip\u00f5randate pesu ning hooldus\" href=\"http:\/\/www.pihlakas.ee\/puhastus\/puhastusteenused\/betoonporandate-ja-kiviporandate-pesu-ning-hooldus\/\">Betoonp\u00f5randate ja kivip\u00f5randate pesu ning hooldus<\/a><\/li>\n<li><a title=\"EPO, PVC, linoleum ja kummikattega p\u00f5randa pesu ja hooldus\" href=\"http:\/\/www.pihlakas.ee\/puhastus\/puhastusteenused\/epo-pvc-linoleum-ja-kummikattega-poranda-pesu-ja-hooldus\/\">Kummikattega p\u00f5randa pesu ja hooldus<\/a><\/li>\n<li><a href=\"https:\/\/pihlakas.eu\/puhastus\/puhastusteenused\/epoporanda-suvapesu\/\">Epop\u00f5randa s\u00fcvapesu<\/a><\/li>\n<li><a href=\"https:\/\/pihlakas.eu\/puhastus\/puhastusteenused\/pvc-poranda-puhastamine\/\">PVC p\u00f5randa puhastamine<\/a><\/li>\n<li><a href=\"https:\/\/pihlakas.eu\/puhastus\/puhastusteenused\/linoleumporandate-puhastamine\/\">Linoleump\u00f5randate puhastamine<\/a><\/li>\n<li><a href=\"https:\/\/pihlakas.eu\/puhastus\/puhastusteenused\/epoporanda-hooldus\/\">Epop\u00f5randa hooldus<\/a><\/li>\n<li><a title=\"Puit ja parkettp\u00f5randate \u00f5litamine\" href=\"http:\/\/www.pihlakas.ee\/puhastus\/puhastusteenused\/puit-ja-parkettporandate-olitamine\/\">Puit ja parkettp\u00f5randate \u00f5litamine<\/a><\/li>\n<li><a title=\"Nahk ja pehme m\u00f6\u00f6bli puhastus\" href=\"http:\/\/www.pihlakas.ee\/puhastus\/puhastusteenused\/nahk-ja-pehme-moobli-puhastus\/\">Pehme ja nahkm\u00f6\u00f6bli puhastus<\/a><\/li>\n<li><a title=\"Lennukite tehniline puhastus\" href=\"http:\/\/www.pihlakas.ee\/puhastus\/puhastusteenused\/lennukite-tehniline-puhastus\/\">Lennukite tehniline puhastus<\/a><\/li>\n<\/ol>\n<p><a href=\"https:\/\/pihlakas.eu\/puhastus\/hinnad-ja-teenuste-maksumus\/\">K\u00fcsi hinnapakkumist<\/a><\/p>\n<p>Lisaks \u00fclaltoodule lisanduvad hooajat\u00f6\u00f6d nagu ja j\u00e4\u00e4purikate eemaldamine katustelt ning lumekoristus.<\/p>\n","protected":false},"excerpt":{"rendered":"<p>Pihlakas Puhastus puhastusteenuste alla kuuluvad teenused alates akende ja vaipade pesust kuni lennukite tehnilise puhastuseni. Puhastusteenused, mida Pihlakas Puhastus pakub on: Lume ja j\u00e4\u00e4 eemaldamine katuselt Akende pesu, aknapesu Vaipkatete, vaipade pesu Betoonp\u00f5randate ja kivip\u00f5randate pesu ning hooldus Kummikattega p\u00f5randa pesu ja hooldus Epop\u00f5randa s\u00fcvapesu PVC p\u00f5randa puhastamine Linoleump\u00f5randate puhastamine Epop\u00f5randa hooldus Puit ja parkettp\u00f5randate [&hellip;]<\/p>\n","protected":false},"author":1,"featured_media":0,"parent":0,"menu_order":0,"comment_status":"closed","ping_status":"open","template":"","meta":{"om_disable_all_campaigns":false,"_monsterinsights_skip_tracking":false,"_monsterinsights_sitenote_active":false,"_monsterinsights_sitenote_note":"","_monsterinsights_sitenote_category":0,"_uf_show_specific_survey":0,"_uf_disable_surveys":false,"footnotes":""},"class_list":["post-7","page","type-page","status-publish","hentry"],"aioseo_notices":[],"_links":{"self":[{"href":"https:\/\/pihlakas.eu\/puhastus\/wp-json\/wp\/v2\/pages\/7","targetHints":{"allow":["GET"]}}],"collection":[{"href":"https:\/\/pihlakas.eu\/puhastus\/wp-json\/wp\/v2\/pages"}],"about":[{"href":"https:\/\/pihlakas.eu\/puhastus\/wp-json\/wp\/v2\/types\/page"}],"author":[{"embeddable":true,"href":"https:\/\/pihlakas.eu\/puhastus\/wp-json\/wp\/v2\/users\/1"}],"replies":[{"embeddable":true,"href":"https:\/\/pihlakas.eu\/puhastus\/wp-json\/wp\/v2\/comments?post=7"}],"version-history":[{"count":13,"href":"https:\/\/pihlakas.eu\/puhastus\/wp-json\/wp\/v2\/pages\/7\/revisions"}],"predecessor-version":[{"id":540,"href":"https:\/\/pihlakas.eu\/puhastus\/wp-json\/wp\/v2\/pages\/7\/revisions\/540"}],"wp:attachment":[{"href":"https:\/\/pihlakas.eu\/puhastus\/wp-json\/wp\/v2\/media?parent=7"}],"curies":[{"name":"wp","href":"https:\/\/api.w.org\/{rel}","templated":true}]}}